{"id":711,"date":"2025-06-05T05:16:22","date_gmt":"2025-06-05T05:16:22","guid":{"rendered":"https:\/\/gruporace.com\/?page_id=711"},"modified":"2025-06-05T05:27:08","modified_gmt":"2025-06-05T05:27:08","slug":"contacto","status":"publish","type":"page","link":"https:\/\/gruporace.com\/en\/contacto\/","title":{"rendered":"Contact"},"content":{"rendered":"\t\t<div data-elementor-type=\"wp-page\" data-elementor-id=\"711\" class=\"elementor elementor-711\">\n\t\t\t\t<div class=\"elementor-element elementor-element-4eb3e03 e-flex e-con-boxed e-con e-parent\" data-id=\"4eb3e03\" data-element_type=\"container\" data-e-type=\"container\" data-settings=\"{&quot;background_background&quot;:&quot;classic&quot;}\">\n\t\t\t\t\t<div class=\"e-con-inner\">\n\t\t<div class=\"elementor-element elementor-element-6d98d66 e-con-full elementor-hidden-mobile e-flex e-con e-child\" data-id=\"6d98d66\" data-element_type=\"container\" data-e-type=\"container\">\n\t\t\t\t<\/div>\n\t\t<div class=\"elementor-element elementor-element-673a988 e-con-full e-flex e-con e-child\" data-id=\"673a988\" data-element_type=\"container\" data-e-type=\"container\">\n\t\t\t\t<div class=\"elementor-element elementor-element-f8eb41e elementor-widget elementor-widget-heading\" data-id=\"f8eb41e\" data-element_type=\"widget\" data-e-type=\"widget\" data-widget_type=\"heading.default\">\n\t\t\t\t<div class=\"elementor-widget-container\">\n\t\t\t\t\t<h2 class=\"elementor-heading-title elementor-size-default\">Contacto<\/h2>\t\t\t\t<\/div>\n\t\t\t\t<\/div>\n\t\t\t\t<\/div>\n\t\t<div class=\"elementor-element elementor-element-1a3ee50 e-con-full e-flex e-con e-child\" data-id=\"1a3ee50\" data-element_type=\"container\" data-e-type=\"container\">\n\t\t\t\t<\/div>\n\t\t\t\t\t<\/div>\n\t\t\t\t<\/div>\n\t\t<div class=\"elementor-element elementor-element-d088fc4 e-con-full e-flex e-con e-parent\" data-id=\"d088fc4\" data-element_type=\"container\" data-e-type=\"container\" data-settings=\"{&quot;background_background&quot;:&quot;classic&quot;}\">\n\t\t<div class=\"elementor-element elementor-element-7f6eb08 e-con-full e-flex e-con e-child\" data-id=\"7f6eb08\" data-element_type=\"container\" data-e-type=\"container\">\n\t\t\t\t<div class=\"elementor-element elementor-element-957a747 elementor-widget elementor-widget-image\" data-id=\"957a747\" data-element_type=\"widget\" data-e-type=\"widget\" data-widget_type=\"image.default\">\n\t\t\t\t<div class=\"elementor-widget-container\">\n\t\t\t\t\t\t\t\t\t\t\t\t\t\t\t<img fetchpriority=\"high\" decoding=\"async\" width=\"854\" height=\"813\" src=\"https:\/\/gruporace.com\/wp-content\/uploads\/2025\/02\/woman-working-call-center-holding-pair-headphones.jpg\" class=\"attachment-full size-full wp-image-263\" alt=\"\" srcset=\"https:\/\/gruporace.com\/wp-content\/uploads\/2025\/02\/woman-working-call-center-holding-pair-headphones.jpg 854w, https:\/\/gruporace.com\/wp-content\/uploads\/2025\/02\/woman-working-call-center-holding-pair-headphones-300x286.jpg 300w, https:\/\/gruporace.com\/wp-content\/uploads\/2025\/02\/woman-working-call-center-holding-pair-headphones-768x731.jpg 768w\" sizes=\"(max-width: 854px) 100vw, 854px\" \/>\t\t\t\t\t\t\t\t\t\t\t\t\t\t\t<\/div>\n\t\t\t\t<\/div>\n\t\t\t\t<\/div>\n\t\t<div class=\"elementor-element elementor-element-07f465d e-con-full e-flex e-con e-child\" data-id=\"07f465d\" data-element_type=\"container\" data-e-type=\"container\">\n\t\t\t\t<div class=\"elementor-element elementor-element-178cd50 elementor-widget elementor-widget-heading\" data-id=\"178cd50\" data-element_type=\"widget\" data-e-type=\"widget\" data-widget_type=\"heading.default\">\n\t\t\t\t<div class=\"elementor-widget-container\">\n\t\t\t\t\t<h2 class=\"elementor-heading-title elementor-size-default\">\u00bfListos para optimizar tu planta? Estamos para ayudarte.<\/h2>\t\t\t\t<\/div>\n\t\t\t\t<\/div>\n\t\t\t\t<div class=\"elementor-element elementor-element-b9c4fc2 elementor-widget__width-initial elementor-widget elementor-widget-text-editor\" data-id=\"b9c4fc2\" data-element_type=\"widget\" data-e-type=\"widget\" data-widget_type=\"text-editor.default\">\n\t\t\t\t<div class=\"elementor-widget-container\">\n\t\t\t\t\t\t\t\t\t<p>En Grupo Race queremos ser tu aliado estrat\u00e9gico en cada etapa del proceso: desde la selecci\u00f3n de maquinaria hasta la instalaci\u00f3n y soporte t\u00e9cnico.<\/p><p>Ya sea que busques una cotizaci\u00f3n, tengas dudas sobre nuestros equipos o necesites asesor\u00eda especializada, nuestro equipo est\u00e1 listo para atenderte.<\/p><p>D\u00e9janos tus datos y uno de nuestros asesores se pondr\u00e1 en contacto contigo en menos de<br \/>24 horas.<\/p>\t\t\t\t\t\t\t\t<\/div>\n\t\t\t\t<\/div>\n\t\t\t\t<div class=\"elementor-element elementor-element-ca8341b raven-form-button-align-spaced elementor-widget elementor-widget-raven-form\" data-id=\"ca8341b\" data-element_type=\"widget\" data-e-type=\"widget\" data-settings=\"{&quot;fields&quot;:[{&quot;field_custom_id&quot;:&quot;nameform&quot;,&quot;placeholder&quot;:&quot;Tu Nombre&quot;,&quot;_id&quot;:&quot;ec24574&quot;,&quot;acceptance_text&quot;:null,&quot;step_previous_button&quot;:null,&quot;step_next_button&quot;:null,&quot;label&quot;:&quot;Tu Nombre&quot;,&quot;required&quot;:&quot;true&quot;,&quot;type&quot;:&quot;text&quot;,&quot;recaptcha_badge&quot;:null,&quot;recaptcha_theme&quot;:null,&quot;recaptcha_size&quot;:null,&quot;checked_by_default&quot;:null,&quot;min_time&quot;:null,&quot;max_time&quot;:null,&quot;min_date&quot;:null,&quot;max_date&quot;:null,&quot;localization&quot;:null,&quot;min&quot;:null,&quot;max&quot;:null,&quot;field_options&quot;:null,&quot;inline_list&quot;:null,&quot;field_html&quot;:null,&quot;native_html5&quot;:null,&quot;multiple_selection&quot;:null,&quot;rows&quot;:null,&quot;iti_tel&quot;:null,&quot;iti_tel_tel_type&quot;:null,&quot;iti_tel_require_area&quot;:null,&quot;iti_tel_allow_dropdown&quot;:null,&quot;iti_tel_country_include&quot;:null,&quot;iti_tel_ip_detect&quot;:null,&quot;iti_tel_internationalize&quot;:null,&quot;file_sizes&quot;:null,&quot;file_types&quot;:null,&quot;allow_multiple_upload&quot;:null,&quot;max_files&quot;:null,&quot;step_icon&quot;:null,&quot;width&quot;:&quot;100&quot;,&quot;field_value&quot;:&quot;&quot;},{&quot;_id&quot;:&quot;694217b&quot;,&quot;acceptance_text&quot;:null,&quot;step_previous_button&quot;:null,&quot;step_next_button&quot;:null,&quot;type&quot;:&quot;tel&quot;,&quot;placeholder&quot;:&quot;Celular&quot;,&quot;label&quot;:&quot;Celular&quot;,&quot;required&quot;:&quot;true&quot;,&quot;recaptcha_badge&quot;:null,&quot;recaptcha_theme&quot;:null,&quot;recaptcha_size&quot;:null,&quot;checked_by_default&quot;:null,&quot;min_time&quot;:null,&quot;max_time&quot;:null,&quot;min_date&quot;:null,&quot;max_date&quot;:null,&quot;localization&quot;:null,&quot;min&quot;:null,&quot;max&quot;:null,&quot;field_options&quot;:null,&quot;inline_list&quot;:null,&quot;field_html&quot;:null,&quot;native_html5&quot;:null,&quot;multiple_selection&quot;:null,&quot;rows&quot;:null,&quot;iti_tel&quot;:&quot;&quot;,&quot;iti_tel_tel_type&quot;:null,&quot;iti_tel_require_area&quot;:null,&quot;iti_tel_allow_dropdown&quot;:null,&quot;iti_tel_country_include&quot;:null,&quot;iti_tel_ip_detect&quot;:null,&quot;iti_tel_internationalize&quot;:null,&quot;file_sizes&quot;:null,&quot;file_types&quot;:null,&quot;allow_multiple_upload&quot;:null,&quot;max_files&quot;:null,&quot;step_icon&quot;:null,&quot;width&quot;:&quot;100&quot;,&quot;field_value&quot;:&quot;&quot;,&quot;field_custom_id&quot;:&quot;&quot;},{&quot;_id&quot;:&quot;e08865a&quot;,&quot;type&quot;:&quot;email&quot;,&quot;placeholder&quot;:&quot;Tu correo electr\\u00f3nico&quot;,&quot;acceptance_text&quot;:null,&quot;step_previous_button&quot;:null,&quot;step_next_button&quot;:null,&quot;field_custom_id&quot;:&quot;field_e08865a&quot;,&quot;label&quot;:&quot;Tu correo electr\\u00f3nico&quot;,&quot;required&quot;:&quot;true&quot;,&quot;recaptcha_badge&quot;:null,&quot;recaptcha_theme&quot;:null,&quot;recaptcha_size&quot;:null,&quot;checked_by_default&quot;:null,&quot;min_time&quot;:null,&quot;max_time&quot;:null,&quot;min_date&quot;:null,&quot;max_date&quot;:null,&quot;localization&quot;:null,&quot;min&quot;:null,&quot;max&quot;:null,&quot;field_options&quot;:null,&quot;inline_list&quot;:null,&quot;field_html&quot;:null,&quot;native_html5&quot;:null,&quot;multiple_selection&quot;:null,&quot;rows&quot;:null,&quot;iti_tel&quot;:null,&quot;iti_tel_tel_type&quot;:null,&quot;iti_tel_require_area&quot;:null,&quot;iti_tel_allow_dropdown&quot;:null,&quot;iti_tel_country_include&quot;:null,&quot;iti_tel_ip_detect&quot;:null,&quot;iti_tel_internationalize&quot;:null,&quot;file_sizes&quot;:null,&quot;file_types&quot;:null,&quot;allow_multiple_upload&quot;:null,&quot;max_files&quot;:null,&quot;step_icon&quot;:null,&quot;width&quot;:&quot;100&quot;,&quot;field_value&quot;:&quot;&quot;},{&quot;_id&quot;:&quot;f1e3a07&quot;,&quot;type&quot;:&quot;textarea&quot;,&quot;placeholder&quot;:&quot;Escribe tu mensaje&quot;,&quot;acceptance_text&quot;:null,&quot;step_previous_button&quot;:null,&quot;step_next_button&quot;:null,&quot;field_custom_id&quot;:&quot;field_f1e3a07&quot;,&quot;label&quot;:&quot;Mensaje&quot;,&quot;required&quot;:&quot;true&quot;,&quot;recaptcha_badge&quot;:null,&quot;recaptcha_theme&quot;:null,&quot;recaptcha_size&quot;:null,&quot;checked_by_default&quot;:null,&quot;min_time&quot;:null,&quot;max_time&quot;:null,&quot;min_date&quot;:null,&quot;max_date&quot;:null,&quot;localization&quot;:null,&quot;min&quot;:null,&quot;max&quot;:null,&quot;field_options&quot;:null,&quot;inline_list&quot;:null,&quot;field_html&quot;:null,&quot;native_html5&quot;:null,&quot;multiple_selection&quot;:null,&quot;rows&quot;:5,&quot;iti_tel&quot;:null,&quot;iti_tel_tel_type&quot;:null,&quot;iti_tel_require_area&quot;:null,&quot;iti_tel_allow_dropdown&quot;:null,&quot;iti_tel_country_include&quot;:null,&quot;iti_tel_ip_detect&quot;:null,&quot;iti_tel_internationalize&quot;:null,&quot;file_sizes&quot;:null,&quot;file_types&quot;:null,&quot;allow_multiple_upload&quot;:null,&quot;max_files&quot;:null,&quot;step_icon&quot;:null,&quot;width&quot;:&quot;100&quot;,&quot;field_value&quot;:&quot;&quot;},{&quot;_id&quot;:&quot;cf1b1bc&quot;,&quot;type&quot;:&quot;recaptcha_v3&quot;,&quot;acceptance_text&quot;:null,&quot;step_previous_button&quot;:null,&quot;step_next_button&quot;:null,&quot;field_custom_id&quot;:&quot;field_cf1b1bc&quot;,&quot;label&quot;:&quot;&quot;,&quot;placeholder&quot;:null,&quot;recaptcha_badge&quot;:&quot;inline&quot;,&quot;recaptcha_theme&quot;:null,&quot;recaptcha_size&quot;:null,&quot;checked_by_default&quot;:null,&quot;min_time&quot;:null,&quot;max_time&quot;:null,&quot;min_date&quot;:null,&quot;max_date&quot;:null,&quot;localization&quot;:null,&quot;min&quot;:null,&quot;max&quot;:null,&quot;field_options&quot;:null,&quot;inline_list&quot;:null,&quot;field_html&quot;:null,&quot;native_html5&quot;:null,&quot;multiple_selection&quot;:null,&quot;rows&quot;:null,&quot;required&quot;:null,&quot;iti_tel&quot;:null,&quot;iti_tel_tel_type&quot;:null,&quot;iti_tel_require_area&quot;:null,&quot;iti_tel_allow_dropdown&quot;:null,&quot;iti_tel_country_include&quot;:null,&quot;iti_tel_ip_detect&quot;:null,&quot;iti_tel_internationalize&quot;:null,&quot;file_sizes&quot;:null,&quot;file_types&quot;:null,&quot;allow_multiple_upload&quot;:null,&quot;max_files&quot;:null,&quot;step_icon&quot;:null,&quot;width&quot;:null,&quot;field_value&quot;:null}],&quot;steps_type&quot;:&quot;number&quot;,&quot;steps_icon_shape&quot;:&quot;circle&quot;}\" data-widget_type=\"raven-form.default\">\n\t\t\t\t<div class=\"elementor-widget-container\">\n\t\t\t\t\t\t\t<form class=\"raven-form raven-flex raven-flex-wrap raven-flex-bottom raven-hide-required-mark\" method=\"post\" name=\"Home Form\">\n\t\t\t<input type=\"hidden\" name=\"post_id\" value=\"711\" \/>\n\t\t\t<input type=\"hidden\" name=\"form_id\" value=\"ca8341b\" \/>\n\t\t\t\t\t<div id=\"raven-field-group-ec24574\" class=\"raven-flex-wrap raven-field-type-text raven-field-group elementor-column elementor-col-100 raven-field-required\">\n\t\t\t\t\t<input\n\t\t\toninput=\"onInvalidRavenFormField(event)\"\n\t\t\toninvalid=\"onInvalidRavenFormField(event)\"\n\t\t\ttype=\"text\" name=\"fields[ec24574]\" id=\"form-field-ec24574\" class=\"raven-field\" placeholder=\"Tu Nombre\" data-type=\"text\" data-custom-id=\"nameform\" required=\"required\">\n\t\t\t\t<\/div>\n\t\t\t\t<div id=\"raven-field-group-694217b\" class=\"raven-flex-wrap raven-field-type-tel raven-field-group elementor-column elementor-col-100 raven-field-required\">\n\t\t\t\t\t<input\n\t\t\toninput=\"onInvalidRavenFormField(event)\"\n\t\t\toninvalid=\"onInvalidRavenFormField(event)\"\n\t\t\ttype=\"tel\" name=\"fields[694217b]\" id=\"form-field-694217b\" class=\"raven-field\" placeholder=\"Celular\" data-type=\"tel\" data-custom-id=\"\" required=\"required\" pattern=\"^[0-9\\-\\+\\s\\(\\)]*$\" title=\"The value should only consist numbers and phone characters (-, +, (), etc)\">\n\t\t\t\t<\/div>\n\t\t\t\t<div id=\"raven-field-group-e08865a\" class=\"raven-flex-wrap raven-field-type-email raven-field-group elementor-column elementor-col-100 raven-field-required\">\n\t\t\t\t\t<input\n\t\t\toninput=\"onInvalidRavenFormField(event)\"\n\t\t\toninvalid=\"onInvalidRavenFormField(event)\"\n\t\t\ttype=\"email\" name=\"fields[e08865a]\" id=\"form-field-e08865a\" class=\"raven-field\" placeholder=\"Tu correo electr\u00f3nico\" data-type=\"email\" data-custom-id=\"field_e08865a\" required=\"required\">\n\t\t\t\t<\/div>\n\t\t\t\t<div id=\"raven-field-group-f1e3a07\" class=\"raven-flex-wrap raven-field-type-textarea raven-field-group elementor-column elementor-col-100 raven-field-required\">\n\t\t\t\t\t<textarea\n\t\t\toninput=\"onInvalidRavenFormField(event)\"\n\t\t\toninvalid=\"onInvalidRavenFormField(event)\"\n\t\t\ttype=\"textarea\" name=\"fields[f1e3a07]\" id=\"form-field-f1e3a07\" class=\"raven-field\" placeholder=\"Escribe tu mensaje\" data-type=\"textarea\" data-custom-id=\"field_f1e3a07\" required=\"required\"\t\t\trows=\"5\"><\/textarea>\n\t\t\t\t<\/div>\n\t\t\t\t<div id=\"raven-field-group-cf1b1bc\" class=\"raven-flex-wrap raven-field-type-recaptcha_v3 raven-field-group elementor-column elementor-col-\">\n\t\t\t<div class=\"raven-field-subgroup\" id=\"form-field-cf1b1bc\" data-custom-id=\"field_cf1b1bc\"><div class=\"raven-g-recaptcha\" data-sitekey=\"6LeHruoqAAAAAP7BSNaNO45HVAViBDkxgijMCENP\" data-badge=\"inline\" data-type=\"v3\" data-size=\"invisible\" data-action=\"Form\"><\/div><\/div>\t\t<\/div>\n\t\t\t\t\t\t\t<div class=\"raven-field-group raven-field-type-submit-button elementor-column elementor-col-100\">\n\t\t\t\t\t\t\t\t\t<button class=\"raven-submit-button\" type=\"submit\">\n\t\t\t\t\t\t<span>Enviar Mensaje<\/span>\n\t\t<\/button>\n\t\t\t\t\t\t\t<\/div>\n\t\t\t\t<\/form>\n\n\t\t\t\t\t\t\t\t<\/div>\n\t\t\t\t<\/div>\n\t\t\t\t<\/div>\n\t\t\t\t<\/div>\n\t\t\t\t<\/div>\n\t\t","protected":false},"excerpt":{"rendered":"<p>Contacto \u00bfListos para optimizar tu planta? Estamos para ayudarte. En Grupo Race queremos ser tu aliado estrat\u00e9gico en cada etapa del proceso: desde la selecci\u00f3n de maquinaria hasta la instalaci\u00f3n y soporte t\u00e9cnico. Ya sea que busques una cotizaci\u00f3n, tengas dudas sobre nuestros equipos o necesites asesor\u00eda especializada, nuestro equipo est\u00e1 listo para atenderte. D\u00e9janos [&hellip;]<\/p>\n","protected":false},"author":1,"featured_media":0,"parent":0,"menu_order":0,"comment_status":"closed","ping_status":"closed","template":"elementor_header_footer","meta":{"_acf_changed":false,"footnotes":""},"class_list":["post-711","page","type-page","status-publish","hentry"],"acf":[],"yoast_head":"<!-- This site is optimized with the Yoast SEO plugin v27.4 - https:\/\/yoast.com\/product\/yoast-seo-wordpress\/ -->\n<title>Contacto - Grupo Race<\/title>\n<meta name=\"robots\" content=\"index, follow, max-snippet:-1, max-image-preview:large, max-video-preview:-1\" \/>\n<link rel=\"canonical\" href=\"https:\/\/gruporace.com\/en\/contacto\/\" \/>\n<meta property=\"og:locale\" content=\"en_US\" \/>\n<meta property=\"og:type\" content=\"article\" \/>\n<meta property=\"og:title\" content=\"Contacto - Grupo Race\" \/>\n<meta property=\"og:description\" content=\"Contacto \u00bfListos para optimizar tu planta? Estamos para ayudarte. En Grupo Race queremos ser tu aliado estrat\u00e9gico en cada etapa del proceso: desde la selecci\u00f3n de maquinaria hasta la instalaci\u00f3n y soporte t\u00e9cnico. Ya sea que busques una cotizaci\u00f3n, tengas dudas sobre nuestros equipos o necesites asesor\u00eda especializada, nuestro equipo est\u00e1 listo para atenderte. D\u00e9janos [&hellip;]\" \/>\n<meta property=\"og:url\" content=\"https:\/\/gruporace.com\/en\/contacto\/\" \/>\n<meta property=\"og:site_name\" content=\"Grupo Race\" \/>\n<meta property=\"article:publisher\" content=\"https:\/\/www.facebook.com\/profile.php?id=100066666979453\" \/>\n<meta property=\"article:modified_time\" content=\"2025-06-05T05:27:08+00:00\" \/>\n<meta property=\"og:image\" content=\"https:\/\/gruporace.com\/wp-content\/uploads\/2025\/02\/woman-working-call-center-holding-pair-headphones.jpg\" \/>\n\t<meta property=\"og:image:width\" content=\"854\" \/>\n\t<meta property=\"og:image:height\" content=\"813\" \/>\n\t<meta property=\"og:image:type\" content=\"image\/jpeg\" \/>\n<meta name=\"twitter:card\" content=\"summary_large_image\" \/>\n<meta name=\"twitter:label1\" content=\"Est. reading time\" \/>\n\t<meta name=\"twitter:data1\" content=\"1 minute\" \/>\n<script type=\"application\/ld+json\" class=\"yoast-schema-graph\">{\"@context\":\"https:\\\/\\\/schema.org\",\"@graph\":[{\"@type\":\"WebPage\",\"@id\":\"https:\\\/\\\/gruporace.com\\\/contacto\\\/\",\"url\":\"https:\\\/\\\/gruporace.com\\\/contacto\\\/\",\"name\":\"Contacto - Grupo Race\",\"isPartOf\":{\"@id\":\"https:\\\/\\\/gruporace.com\\\/#website\"},\"primaryImageOfPage\":{\"@id\":\"https:\\\/\\\/gruporace.com\\\/contacto\\\/#primaryimage\"},\"image\":{\"@id\":\"https:\\\/\\\/gruporace.com\\\/contacto\\\/#primaryimage\"},\"thumbnailUrl\":\"https:\\\/\\\/gruporace.com\\\/wp-content\\\/uploads\\\/2025\\\/02\\\/woman-working-call-center-holding-pair-headphones.jpg\",\"datePublished\":\"2025-06-05T05:16:22+00:00\",\"dateModified\":\"2025-06-05T05:27:08+00:00\",\"breadcrumb\":{\"@id\":\"https:\\\/\\\/gruporace.com\\\/contacto\\\/#breadcrumb\"},\"inLanguage\":\"en-US\",\"potentialAction\":[{\"@type\":\"ReadAction\",\"target\":[\"https:\\\/\\\/gruporace.com\\\/contacto\\\/\"]}]},{\"@type\":\"ImageObject\",\"inLanguage\":\"en-US\",\"@id\":\"https:\\\/\\\/gruporace.com\\\/contacto\\\/#primaryimage\",\"url\":\"https:\\\/\\\/gruporace.com\\\/wp-content\\\/uploads\\\/2025\\\/02\\\/woman-working-call-center-holding-pair-headphones.jpg\",\"contentUrl\":\"https:\\\/\\\/gruporace.com\\\/wp-content\\\/uploads\\\/2025\\\/02\\\/woman-working-call-center-holding-pair-headphones.jpg\"},{\"@type\":\"BreadcrumbList\",\"@id\":\"https:\\\/\\\/gruporace.com\\\/contacto\\\/#breadcrumb\",\"itemListElement\":[{\"@type\":\"ListItem\",\"position\":1,\"name\":\"Inicio\",\"item\":\"https:\\\/\\\/gruporace.com\\\/\"},{\"@type\":\"ListItem\",\"position\":2,\"name\":\"Contacto\"}]},{\"@type\":\"WebSite\",\"@id\":\"https:\\\/\\\/gruporace.com\\\/#website\",\"url\":\"https:\\\/\\\/gruporace.com\\\/\",\"name\":\"Grupo Race\",\"description\":\"Maquinaria y Consumibles\",\"publisher\":{\"@id\":\"https:\\\/\\\/gruporace.com\\\/#organization\"},\"potentialAction\":[{\"@type\":\"SearchAction\",\"target\":{\"@type\":\"EntryPoint\",\"urlTemplate\":\"https:\\\/\\\/gruporace.com\\\/?s={search_term_string}\"},\"query-input\":{\"@type\":\"PropertyValueSpecification\",\"valueRequired\":true,\"valueName\":\"search_term_string\"}}],\"inLanguage\":\"en-US\"},{\"@type\":\"Organization\",\"@id\":\"https:\\\/\\\/gruporace.com\\\/#organization\",\"name\":\"Grupo Race\",\"url\":\"https:\\\/\\\/gruporace.com\\\/\",\"logo\":{\"@type\":\"ImageObject\",\"inLanguage\":\"en-US\",\"@id\":\"https:\\\/\\\/gruporace.com\\\/#\\\/schema\\\/logo\\\/image\\\/\",\"url\":\"https:\\\/\\\/gruporace.com\\\/wp-content\\\/uploads\\\/2025\\\/03\\\/logo_grupo_race.png\",\"contentUrl\":\"https:\\\/\\\/gruporace.com\\\/wp-content\\\/uploads\\\/2025\\\/03\\\/logo_grupo_race.png\",\"width\":1000,\"height\":565,\"caption\":\"Grupo Race\"},\"image\":{\"@id\":\"https:\\\/\\\/gruporace.com\\\/#\\\/schema\\\/logo\\\/image\\\/\"},\"sameAs\":[\"https:\\\/\\\/www.facebook.com\\\/profile.php?id=100066666979453\",\"https:\\\/\\\/www.instagram.com\\\/race_usa\",\"https:\\\/\\\/www.youtube.com\\\/@racemaquinariacarnicos\"]}]}<\/script>\n<!-- \/ Yoast SEO plugin. -->","yoast_head_json":{"title":"Contacto - Grupo Race","robots":{"index":"index","follow":"follow","max-snippet":"max-snippet:-1","max-image-preview":"max-image-preview:large","max-video-preview":"max-video-preview:-1"},"canonical":"https:\/\/gruporace.com\/en\/contacto\/","og_locale":"en_US","og_type":"article","og_title":"Contacto - Grupo Race","og_description":"Contacto \u00bfListos para optimizar tu planta? Estamos para ayudarte. En Grupo Race queremos ser tu aliado estrat\u00e9gico en cada etapa del proceso: desde la selecci\u00f3n de maquinaria hasta la instalaci\u00f3n y soporte t\u00e9cnico. Ya sea que busques una cotizaci\u00f3n, tengas dudas sobre nuestros equipos o necesites asesor\u00eda especializada, nuestro equipo est\u00e1 listo para atenderte. D\u00e9janos [&hellip;]","og_url":"https:\/\/gruporace.com\/en\/contacto\/","og_site_name":"Grupo Race","article_publisher":"https:\/\/www.facebook.com\/profile.php?id=100066666979453","article_modified_time":"2025-06-05T05:27:08+00:00","og_image":[{"width":854,"height":813,"url":"https:\/\/gruporace.com\/wp-content\/uploads\/2025\/02\/woman-working-call-center-holding-pair-headphones.jpg","type":"image\/jpeg"}],"twitter_card":"summary_large_image","twitter_misc":{"Est. reading time":"1 minute"},"schema":{"@context":"https:\/\/schema.org","@graph":[{"@type":"WebPage","@id":"https:\/\/gruporace.com\/contacto\/","url":"https:\/\/gruporace.com\/contacto\/","name":"Contacto - Grupo Race","isPartOf":{"@id":"https:\/\/gruporace.com\/#website"},"primaryImageOfPage":{"@id":"https:\/\/gruporace.com\/contacto\/#primaryimage"},"image":{"@id":"https:\/\/gruporace.com\/contacto\/#primaryimage"},"thumbnailUrl":"https:\/\/gruporace.com\/wp-content\/uploads\/2025\/02\/woman-working-call-center-holding-pair-headphones.jpg","datePublished":"2025-06-05T05:16:22+00:00","dateModified":"2025-06-05T05:27:08+00:00","breadcrumb":{"@id":"https:\/\/gruporace.com\/contacto\/#breadcrumb"},"inLanguage":"en-US","potentialAction":[{"@type":"ReadAction","target":["https:\/\/gruporace.com\/contacto\/"]}]},{"@type":"ImageObject","inLanguage":"en-US","@id":"https:\/\/gruporace.com\/contacto\/#primaryimage","url":"https:\/\/gruporace.com\/wp-content\/uploads\/2025\/02\/woman-working-call-center-holding-pair-headphones.jpg","contentUrl":"https:\/\/gruporace.com\/wp-content\/uploads\/2025\/02\/woman-working-call-center-holding-pair-headphones.jpg"},{"@type":"BreadcrumbList","@id":"https:\/\/gruporace.com\/contacto\/#breadcrumb","itemListElement":[{"@type":"ListItem","position":1,"name":"Inicio","item":"https:\/\/gruporace.com\/"},{"@type":"ListItem","position":2,"name":"Contacto"}]},{"@type":"WebSite","@id":"https:\/\/gruporace.com\/#website","url":"https:\/\/gruporace.com\/","name":"Grupo Race","description":"Maquinaria y Consumibles","publisher":{"@id":"https:\/\/gruporace.com\/#organization"},"potentialAction":[{"@type":"SearchAction","target":{"@type":"EntryPoint","urlTemplate":"https:\/\/gruporace.com\/?s={search_term_string}"},"query-input":{"@type":"PropertyValueSpecification","valueRequired":true,"valueName":"search_term_string"}}],"inLanguage":"en-US"},{"@type":"Organization","@id":"https:\/\/gruporace.com\/#organization","name":"Grupo Race","url":"https:\/\/gruporace.com\/","logo":{"@type":"ImageObject","inLanguage":"en-US","@id":"https:\/\/gruporace.com\/#\/schema\/logo\/image\/","url":"https:\/\/gruporace.com\/wp-content\/uploads\/2025\/03\/logo_grupo_race.png","contentUrl":"https:\/\/gruporace.com\/wp-content\/uploads\/2025\/03\/logo_grupo_race.png","width":1000,"height":565,"caption":"Grupo Race"},"image":{"@id":"https:\/\/gruporace.com\/#\/schema\/logo\/image\/"},"sameAs":["https:\/\/www.facebook.com\/profile.php?id=100066666979453","https:\/\/www.instagram.com\/race_usa","https:\/\/www.youtube.com\/@racemaquinariacarnicos"]}]}},"_links":{"self":[{"href":"https:\/\/gruporace.com\/en\/wp-json\/wp\/v2\/pages\/711","targetHints":{"allow":["GET"]}}],"collection":[{"href":"https:\/\/gruporace.com\/en\/wp-json\/wp\/v2\/pages"}],"about":[{"href":"https:\/\/gruporace.com\/en\/wp-json\/wp\/v2\/types\/page"}],"author":[{"embeddable":true,"href":"https:\/\/gruporace.com\/en\/wp-json\/wp\/v2\/users\/1"}],"replies":[{"embeddable":true,"href":"https:\/\/gruporace.com\/en\/wp-json\/wp\/v2\/comments?post=711"}],"version-history":[{"count":7,"href":"https:\/\/gruporace.com\/en\/wp-json\/wp\/v2\/pages\/711\/revisions"}],"predecessor-version":[{"id":723,"href":"https:\/\/gruporace.com\/en\/wp-json\/wp\/v2\/pages\/711\/revisions\/723"}],"wp:attachment":[{"href":"https:\/\/gruporace.com\/en\/wp-json\/wp\/v2\/media?parent=711"}],"curies":[{"name":"wp","href":"https:\/\/api.w.org\/{rel}","templated":true}]}}