{"id":791,"date":"2025-07-03T05:13:41","date_gmt":"2025-07-03T05:13:41","guid":{"rendered":"https:\/\/gruporace.com\/?page_id=791"},"modified":"2025-12-24T00:56:46","modified_gmt":"2025-12-24T00:56:46","slug":"lavabotas-elpress","status":"publish","type":"page","link":"https:\/\/gruporace.com\/en\/lavabotas-elpress\/","title":{"rendered":"Elpress boot washer"},"content":{"rendered":"<div data-elementor-type=\"wp-page\" data-elementor-id=\"791\" class=\"elementor elementor-791\">\n\t\t\t\t<div class=\"elementor-element elementor-element-0a7b8f6 e-flex e-con-boxed e-con e-parent\" data-id=\"0a7b8f6\" data-element_type=\"container\" data-e-type=\"container\" data-settings=\"{&quot;background_background&quot;:&quot;classic&quot;}\">\n\t\t\t\t\t<div class=\"e-con-inner\">\n\t\t<div class=\"elementor-element elementor-element-c6a03ba e-con-full elementor-hidden-mobile e-flex e-con e-child\" data-id=\"c6a03ba\" data-element_type=\"container\" data-e-type=\"container\">\n\t\t\t\t<\/div>\n\t\t<div class=\"elementor-element elementor-element-0ce2658 e-con-full e-flex e-con e-child\" data-id=\"0ce2658\" data-element_type=\"container\" data-e-type=\"container\">\n\t\t\t\t<div class=\"elementor-element elementor-element-fa349a6 elementor-widget elementor-widget-heading\" data-id=\"fa349a6\" data-element_type=\"widget\" data-e-type=\"widget\" data-widget_type=\"heading.default\">\n\t\t\t\t<div class=\"elementor-widget-container\">\n\t\t\t\t\t<h2 class=\"elementor-heading-title elementor-size-default\">Elpress boot washer<\/h2>\t\t\t\t<\/div>\n\t\t\t\t<\/div>\n\t\t\t\t<\/div>\n\t\t<div class=\"elementor-element elementor-element-9daaecd e-con-full e-flex e-con e-child\" data-id=\"9daaecd\" data-element_type=\"container\" data-e-type=\"container\">\n\t\t\t\t<\/div>\n\t\t\t\t\t<\/div>\n\t\t\t\t<\/div>\n\t\t<div class=\"elementor-element elementor-element-6bda777 e-flex e-con-boxed e-con e-parent\" data-id=\"6bda777\" data-element_type=\"container\" data-e-type=\"container\" data-settings=\"{&quot;background_background&quot;:&quot;classic&quot;}\">\n\t\t\t\t\t<div class=\"e-con-inner\">\n\t\t<div class=\"elementor-element elementor-element-2cffb01 e-con-full e-flex e-con e-child\" data-id=\"2cffb01\" data-element_type=\"container\" data-e-type=\"container\">\n\t\t\t\t<div class=\"elementor-element elementor-element-a96b0bd elementor-widget-mobile__width-initial elementor-widget elementor-widget-image\" data-id=\"a96b0bd\" data-element_type=\"widget\" data-e-type=\"widget\" data-widget_type=\"image.default\">\n\t\t\t\t<div class=\"elementor-widget-container\">\n\t\t\t\t\t\t\t\t\t\t\t\t\t\t\t<img fetchpriority=\"high\" decoding=\"async\" width=\"500\" height=\"611\" src=\"https:\/\/gruporace.com\/wp-content\/uploads\/2025\/07\/lavabotas_elpress.jpg\" class=\"attachment-full size-full wp-image-794\" alt=\"\" srcset=\"https:\/\/gruporace.com\/wp-content\/uploads\/2025\/07\/lavabotas_elpress.jpg 500w, https:\/\/gruporace.com\/wp-content\/uploads\/2025\/07\/lavabotas_elpress-245x300.jpg 245w\" sizes=\"(max-width: 500px) 100vw, 500px\" \/>\t\t\t\t\t\t\t\t\t\t\t\t\t\t\t<\/div>\n\t\t\t\t<\/div>\n\t\t\t\t<\/div>\n\t\t<div class=\"elementor-element elementor-element-feebd2a e-con-full e-flex e-con e-child\" data-id=\"feebd2a\" data-element_type=\"container\" data-e-type=\"container\">\n\t\t\t\t<div class=\"elementor-element elementor-element-69cd30b elementor-widget elementor-widget-image\" data-id=\"69cd30b\" data-element_type=\"widget\" data-e-type=\"widget\" data-widget_type=\"image.default\">\n\t\t\t\t<div class=\"elementor-widget-container\">\n\t\t\t\t\t\t\t\t\t\t\t\t\t\t\t<img decoding=\"async\" width=\"200\" height=\"118\" src=\"https:\/\/gruporace.com\/wp-content\/uploads\/2025\/02\/elpress_logo.png\" class=\"attachment-full size-full wp-image-513\" alt=\"\" \/>\t\t\t\t\t\t\t\t\t\t\t\t\t\t\t<\/div>\n\t\t\t\t<\/div>\n\t\t\t\t<div class=\"elementor-element elementor-element-45c2097 elementor-widget elementor-widget-heading\" data-id=\"45c2097\" data-element_type=\"widget\" data-e-type=\"widget\" data-widget_type=\"heading.default\">\n\t\t\t\t<div class=\"elementor-widget-container\">\n\t\t\t\t\t<h2 class=\"elementor-heading-title elementor-size-default\">Sole washing and hand disinfection\nMODEL DZW-HDT-EDSW<\/h2>\t\t\t\t<\/div>\n\t\t\t\t<\/div>\n\t\t\t\t<div class=\"elementor-element elementor-element-3570f91 elementor-widget elementor-widget-text-editor\" data-id=\"3570f91\" data-element_type=\"widget\" data-e-type=\"widget\" data-widget_type=\"text-editor.default\">\n\t\t\t\t<div class=\"elementor-widget-container\">\n\t\t\t\t\t\t\t\t\t<p>Combined sole washing and hand disinfection system. Ideal for the food, pharmaceutical, and cosmetics industries. Hygienic, easy-to-clean stainless steel design. Prevents cross-contamination in critical areas. Complies with HACCP and ISO regulations.<\/p>\t\t\t\t\t\t\t\t<\/div>\n\t\t\t\t<\/div>\n\t\t\t\t<div class=\"elementor-element elementor-element-f911318 elementor-widget elementor-widget-heading\" data-id=\"f911318\" data-element_type=\"widget\" data-e-type=\"widget\" data-widget_type=\"heading.default\">\n\t\t\t\t<div class=\"elementor-widget-container\">\n\t\t\t\t\t<h2 class=\"elementor-heading-title elementor-size-default\">Technical Specifications:<\/h2>\t\t\t\t<\/div>\n\t\t\t\t<\/div>\n\t\t\t\t<div class=\"elementor-element elementor-element-502547e elementor-widget elementor-widget-text-editor\" data-id=\"502547e\" data-element_type=\"widget\" data-e-type=\"widget\" data-widget_type=\"text-editor.default\">\n\t\t\t\t<div class=\"elementor-widget-container\">\n\t\t\t\t\t\t\t\t\t<ul><li>Model: DZW-HDT-EDSW<\/li><li>Material: AISI 304 stainless steel<\/li><li>Functions: Automatic sole washing and contactless hand disinfection<\/li><li>Infrared sensor activation<\/li><li>Rotating brush system with chemical bath (quaternary ammonium)<\/li><li>Access control: Motorized turnstile released after the process is complete<\/li><li>Capacity: Continuous operator flow<\/li><li>Installation: Surface or recessed (built-in version)<\/li><li>Options: Right or left hand, boot shaft washing (optional)<\/li><\/ul>\t\t\t\t\t\t\t\t<\/div>\n\t\t\t\t<\/div>\n\t\t\t\t<\/div>\n\t\t\t\t\t<\/div>\n\t\t\t\t<\/div>\n\t\t<div class=\"elementor-element elementor-element-c6ee5bb e-flex e-con-boxed e-con e-parent\" data-id=\"c6ee5bb\" data-element_type=\"container\" data-e-type=\"container\" data-settings=\"{&quot;background_background&quot;:&quot;classic&quot;}\">\n\t\t\t\t\t<div class=\"e-con-inner\">\n\t\t<div class=\"elementor-element elementor-element-c18fbe0 e-con-full e-flex e-con e-child\" data-id=\"c18fbe0\" data-element_type=\"container\" data-e-type=\"container\">\n\t\t\t\t<div class=\"elementor-element elementor-element-636d8bd elementor-widget elementor-widget-heading\" data-id=\"636d8bd\" data-element_type=\"widget\" data-e-type=\"widget\" data-widget_type=\"heading.default\">\n\t\t\t\t<div class=\"elementor-widget-container\">\n\t\t\t\t\t<h2 class=\"elementor-heading-title elementor-size-default\">Main Benefits:<\/h2>\t\t\t\t<\/div>\n\t\t\t\t<\/div>\n\t\t\t\t<div class=\"elementor-element elementor-element-03c6922 elementor-widget elementor-widget-text-editor\" data-id=\"03c6922\" data-element_type=\"widget\" data-e-type=\"widget\" data-widget_type=\"text-editor.default\">\n\t\t\t\t<div class=\"elementor-widget-container\">\n\t\t\t\t\t\t\t\t\t<ul><li>Complete automation of the personal hygiene process.<\/li><li>Reduction of human errors and increased sanitary control.<\/li><li>Compliance with internal and external audits.<\/li><li>Ergonomic and low-maintenance design.<\/li><li>Integration with access control systems or personnel time clocks.<\/li><\/ul>\t\t\t\t\t\t\t\t<\/div>\n\t\t\t\t<\/div>\n\t\t\t\t<\/div>\n\t\t<div class=\"elementor-element elementor-element-dba60ba e-con-full e-flex e-con e-child\" data-id=\"dba60ba\" data-element_type=\"container\" data-e-type=\"container\">\n\t\t\t\t<div class=\"elementor-element elementor-element-7f83aeb elementor-widget elementor-widget-heading\" data-id=\"7f83aeb\" data-element_type=\"widget\" data-e-type=\"widget\" data-widget_type=\"heading.default\">\n\t\t\t\t<div class=\"elementor-widget-container\">\n\t\t\t\t\t<h2 class=\"elementor-heading-title elementor-size-default\">Applications and Options:<\/h2>\t\t\t\t<\/div>\n\t\t\t\t<\/div>\n\t\t\t\t<div class=\"elementor-element elementor-element-0fcc21c elementor-widget elementor-widget-text-editor\" data-id=\"0fcc21c\" data-element_type=\"widget\" data-e-type=\"widget\" data-widget_type=\"text-editor.default\">\n\t\t\t\t<div class=\"elementor-widget-container\">\n\t\t\t\t\t\t\t\t\t<ul><li><strong>Applications:<\/strong> slaughterhouses, packing plants, clean rooms, processing plants.<\/li><li><strong>Available options:<\/strong><\/li><li>Cane washing (high boots)<\/li><li>Connection to a centralized chemical supply system<\/li><li>Operator hygiene record (traceability)<\/li><li>Special configuration for incoming or outgoing flow<\/li><li>Integration with a database and SCADA system<\/li><\/ul>\t\t\t\t\t\t\t\t<\/div>\n\t\t\t\t<\/div>\n\t\t\t\t<\/div>\n\t\t\t\t\t<\/div>\n\t\t\t\t<\/div>\n\t\t<div class=\"elementor-element elementor-element-2e0e193 e-flex e-con-boxed e-con e-parent\" data-id=\"2e0e193\" data-element_type=\"container\" data-e-type=\"container\" data-settings=\"{&quot;background_background&quot;:&quot;classic&quot;}\">\n\t\t\t\t\t<div class=\"e-con-inner\">\n\t\t\t\t<div class=\"elementor-element elementor-element-84becd0 elementor-align-center elementor-widget elementor-widget-button\" data-id=\"84becd0\" data-element_type=\"widget\" data-e-type=\"widget\" data-widget_type=\"button.default\">\n\t\t\t\t<div class=\"elementor-widget-container\">\n\t\t\t\t\t\t\t\t\t<div class=\"elementor-button-wrapper\">\n\t\t\t\t\t<a class=\"elementor-button elementor-button-link elementor-size-sm\" href=\"https:\/\/wa.link\/3r7cty\" target=\"_blank\">\n\t\t\t\t\t\t<span class=\"elementor-button-content-wrapper\">\n\t\t\t\t\t\t\t\t\t<span class=\"elementor-button-text\">Talk to an advisor<\/span>\n\t\t\t\t\t<\/span>\n\t\t\t\t\t<\/a>\n\t\t\t\t<\/div>\n\t\t\t\t\t\t\t\t<\/div>\n\t\t\t\t<\/div>\n\t\t\t\t\t<\/div>\n\t\t\t\t<\/div>\n\t\t\t\t<\/div>","protected":false},"excerpt":{"rendered":"<p>Lavabotas Elpress Lavado de suelas y desinfecci\u00f3n de manos MODELO DZW-HDT-EDSW Sistema combinado de lavado de suelas y desinfecci\u00f3n de manos. Ideal para industrias alimentarias, farmac\u00e9uticas y cosm\u00e9ticas. Dise\u00f1o higi\u00e9nico en acero inoxidable, f\u00e1cil de limpiar. Evita la contaminaci\u00f3n cruzada en zonas cr\u00edticas. Cumple con normativas HACCP e ISO. Especificaciones T\u00e9cnicas: Modelo: DZW-HDT-EDSW Material: Acero [&hellip;]<\/p>\n","protected":false},"author":1,"featured_media":0,"parent":0,"menu_order":0,"comment_status":"closed","ping_status":"closed","template":"elementor_header_footer","meta":{"_acf_changed":false,"footnotes":""},"class_list":["post-791","page","type-page","status-publish","hentry"],"acf":[],"yoast_head":"<!-- This site is optimized with the Yoast SEO plugin v27.5 - https:\/\/yoast.com\/product\/yoast-seo-wordpress\/ -->\n<title>Lavabotas Elpress - Grupo Race<\/title>\n<meta name=\"robots\" content=\"index, follow, max-snippet:-1, max-image-preview:large, max-video-preview:-1\" \/>\n<link rel=\"canonical\" href=\"https:\/\/gruporace.com\/en\/lavabotas-elpress\/\" \/>\n<meta property=\"og:locale\" content=\"en_US\" \/>\n<meta property=\"og:type\" content=\"article\" \/>\n<meta property=\"og:title\" content=\"Lavabotas Elpress - Grupo Race\" \/>\n<meta property=\"og:description\" content=\"Lavabotas Elpress Lavado de suelas y desinfecci\u00f3n de manos MODELO DZW-HDT-EDSW Sistema combinado de lavado de suelas y desinfecci\u00f3n de manos. Ideal para industrias alimentarias, farmac\u00e9uticas y cosm\u00e9ticas. Dise\u00f1o higi\u00e9nico en acero inoxidable, f\u00e1cil de limpiar. Evita la contaminaci\u00f3n cruzada en zonas cr\u00edticas. Cumple con normativas HACCP e ISO. Especificaciones T\u00e9cnicas: Modelo: DZW-HDT-EDSW Material: Acero [&hellip;]\" \/>\n<meta property=\"og:url\" content=\"https:\/\/gruporace.com\/en\/lavabotas-elpress\/\" \/>\n<meta property=\"og:site_name\" content=\"Grupo Race\" \/>\n<meta property=\"article:publisher\" content=\"https:\/\/www.facebook.com\/profile.php?id=100066666979453\" \/>\n<meta property=\"article:modified_time\" content=\"2025-12-24T00:56:46+00:00\" \/>\n<meta property=\"og:image\" content=\"https:\/\/gruporace.com\/wp-content\/uploads\/2025\/07\/lavabotas_elpress.jpg\" \/>\n\t<meta property=\"og:image:width\" content=\"500\" \/>\n\t<meta property=\"og:image:height\" content=\"611\" \/>\n\t<meta property=\"og:image:type\" content=\"image\/jpeg\" \/>\n<meta name=\"twitter:card\" content=\"summary_large_image\" \/>\n<meta name=\"twitter:label1\" content=\"Est. reading time\" \/>\n\t<meta name=\"twitter:data1\" content=\"2 minutes\" \/>\n<script type=\"application\/ld+json\" class=\"yoast-schema-graph\">{\"@context\":\"https:\\\/\\\/schema.org\",\"@graph\":[{\"@type\":\"WebPage\",\"@id\":\"https:\\\/\\\/gruporace.com\\\/lavabotas-elpress\\\/\",\"url\":\"https:\\\/\\\/gruporace.com\\\/lavabotas-elpress\\\/\",\"name\":\"Lavabotas Elpress - Grupo Race\",\"isPartOf\":{\"@id\":\"https:\\\/\\\/gruporace.com\\\/#website\"},\"primaryImageOfPage\":{\"@id\":\"https:\\\/\\\/gruporace.com\\\/lavabotas-elpress\\\/#primaryimage\"},\"image\":{\"@id\":\"https:\\\/\\\/gruporace.com\\\/lavabotas-elpress\\\/#primaryimage\"},\"thumbnailUrl\":\"https:\\\/\\\/gruporace.com\\\/wp-content\\\/uploads\\\/2025\\\/07\\\/lavabotas_elpress.jpg\",\"datePublished\":\"2025-07-03T05:13:41+00:00\",\"dateModified\":\"2025-12-24T00:56:46+00:00\",\"breadcrumb\":{\"@id\":\"https:\\\/\\\/gruporace.com\\\/lavabotas-elpress\\\/#breadcrumb\"},\"inLanguage\":\"en-US\",\"potentialAction\":[{\"@type\":\"ReadAction\",\"target\":[\"https:\\\/\\\/gruporace.com\\\/lavabotas-elpress\\\/\"]}]},{\"@type\":\"ImageObject\",\"inLanguage\":\"en-US\",\"@id\":\"https:\\\/\\\/gruporace.com\\\/lavabotas-elpress\\\/#primaryimage\",\"url\":\"https:\\\/\\\/gruporace.com\\\/wp-content\\\/uploads\\\/2025\\\/07\\\/lavabotas_elpress.jpg\",\"contentUrl\":\"https:\\\/\\\/gruporace.com\\\/wp-content\\\/uploads\\\/2025\\\/07\\\/lavabotas_elpress.jpg\"},{\"@type\":\"BreadcrumbList\",\"@id\":\"https:\\\/\\\/gruporace.com\\\/lavabotas-elpress\\\/#breadcrumb\",\"itemListElement\":[{\"@type\":\"ListItem\",\"position\":1,\"name\":\"Inicio\",\"item\":\"https:\\\/\\\/gruporace.com\\\/\"},{\"@type\":\"ListItem\",\"position\":2,\"name\":\"Lavabotas Elpress\"}]},{\"@type\":\"WebSite\",\"@id\":\"https:\\\/\\\/gruporace.com\\\/#website\",\"url\":\"https:\\\/\\\/gruporace.com\\\/\",\"name\":\"Grupo Race\",\"description\":\"Maquinaria y Consumibles\",\"publisher\":{\"@id\":\"https:\\\/\\\/gruporace.com\\\/#organization\"},\"potentialAction\":[{\"@type\":\"SearchAction\",\"target\":{\"@type\":\"EntryPoint\",\"urlTemplate\":\"https:\\\/\\\/gruporace.com\\\/?s={search_term_string}\"},\"query-input\":{\"@type\":\"PropertyValueSpecification\",\"valueRequired\":true,\"valueName\":\"search_term_string\"}}],\"inLanguage\":\"en-US\"},{\"@type\":\"Organization\",\"@id\":\"https:\\\/\\\/gruporace.com\\\/#organization\",\"name\":\"Grupo Race\",\"url\":\"https:\\\/\\\/gruporace.com\\\/\",\"logo\":{\"@type\":\"ImageObject\",\"inLanguage\":\"en-US\",\"@id\":\"https:\\\/\\\/gruporace.com\\\/#\\\/schema\\\/logo\\\/image\\\/\",\"url\":\"https:\\\/\\\/gruporace.com\\\/wp-content\\\/uploads\\\/2025\\\/03\\\/logo_grupo_race.png\",\"contentUrl\":\"https:\\\/\\\/gruporace.com\\\/wp-content\\\/uploads\\\/2025\\\/03\\\/logo_grupo_race.png\",\"width\":1000,\"height\":565,\"caption\":\"Grupo Race\"},\"image\":{\"@id\":\"https:\\\/\\\/gruporace.com\\\/#\\\/schema\\\/logo\\\/image\\\/\"},\"sameAs\":[\"https:\\\/\\\/www.facebook.com\\\/profile.php?id=100066666979453\",\"https:\\\/\\\/www.instagram.com\\\/race_usa\",\"https:\\\/\\\/www.youtube.com\\\/@racemaquinariacarnicos\"]}]}<\/script>\n<!-- \/ Yoast SEO plugin. -->","yoast_head_json":{"title":"Lavabotas Elpress - Grupo Race","robots":{"index":"index","follow":"follow","max-snippet":"max-snippet:-1","max-image-preview":"max-image-preview:large","max-video-preview":"max-video-preview:-1"},"canonical":"https:\/\/gruporace.com\/en\/lavabotas-elpress\/","og_locale":"en_US","og_type":"article","og_title":"Lavabotas Elpress - Grupo Race","og_description":"Lavabotas Elpress Lavado de suelas y desinfecci\u00f3n de manos MODELO DZW-HDT-EDSW Sistema combinado de lavado de suelas y desinfecci\u00f3n de manos. Ideal para industrias alimentarias, farmac\u00e9uticas y cosm\u00e9ticas. Dise\u00f1o higi\u00e9nico en acero inoxidable, f\u00e1cil de limpiar. Evita la contaminaci\u00f3n cruzada en zonas cr\u00edticas. Cumple con normativas HACCP e ISO. Especificaciones T\u00e9cnicas: Modelo: DZW-HDT-EDSW Material: Acero [&hellip;]","og_url":"https:\/\/gruporace.com\/en\/lavabotas-elpress\/","og_site_name":"Grupo Race","article_publisher":"https:\/\/www.facebook.com\/profile.php?id=100066666979453","article_modified_time":"2025-12-24T00:56:46+00:00","og_image":[{"width":500,"height":611,"url":"https:\/\/gruporace.com\/wp-content\/uploads\/2025\/07\/lavabotas_elpress.jpg","type":"image\/jpeg"}],"twitter_card":"summary_large_image","twitter_misc":{"Est. reading time":"2 minutes"},"schema":{"@context":"https:\/\/schema.org","@graph":[{"@type":"WebPage","@id":"https:\/\/gruporace.com\/lavabotas-elpress\/","url":"https:\/\/gruporace.com\/lavabotas-elpress\/","name":"Lavabotas Elpress - Grupo Race","isPartOf":{"@id":"https:\/\/gruporace.com\/#website"},"primaryImageOfPage":{"@id":"https:\/\/gruporace.com\/lavabotas-elpress\/#primaryimage"},"image":{"@id":"https:\/\/gruporace.com\/lavabotas-elpress\/#primaryimage"},"thumbnailUrl":"https:\/\/gruporace.com\/wp-content\/uploads\/2025\/07\/lavabotas_elpress.jpg","datePublished":"2025-07-03T05:13:41+00:00","dateModified":"2025-12-24T00:56:46+00:00","breadcrumb":{"@id":"https:\/\/gruporace.com\/lavabotas-elpress\/#breadcrumb"},"inLanguage":"en-US","potentialAction":[{"@type":"ReadAction","target":["https:\/\/gruporace.com\/lavabotas-elpress\/"]}]},{"@type":"ImageObject","inLanguage":"en-US","@id":"https:\/\/gruporace.com\/lavabotas-elpress\/#primaryimage","url":"https:\/\/gruporace.com\/wp-content\/uploads\/2025\/07\/lavabotas_elpress.jpg","contentUrl":"https:\/\/gruporace.com\/wp-content\/uploads\/2025\/07\/lavabotas_elpress.jpg"},{"@type":"BreadcrumbList","@id":"https:\/\/gruporace.com\/lavabotas-elpress\/#breadcrumb","itemListElement":[{"@type":"ListItem","position":1,"name":"Inicio","item":"https:\/\/gruporace.com\/"},{"@type":"ListItem","position":2,"name":"Lavabotas Elpress"}]},{"@type":"WebSite","@id":"https:\/\/gruporace.com\/#website","url":"https:\/\/gruporace.com\/","name":"Grupo Race","description":"Maquinaria y Consumibles","publisher":{"@id":"https:\/\/gruporace.com\/#organization"},"potentialAction":[{"@type":"SearchAction","target":{"@type":"EntryPoint","urlTemplate":"https:\/\/gruporace.com\/?s={search_term_string}"},"query-input":{"@type":"PropertyValueSpecification","valueRequired":true,"valueName":"search_term_string"}}],"inLanguage":"en-US"},{"@type":"Organization","@id":"https:\/\/gruporace.com\/#organization","name":"Grupo Race","url":"https:\/\/gruporace.com\/","logo":{"@type":"ImageObject","inLanguage":"en-US","@id":"https:\/\/gruporace.com\/#\/schema\/logo\/image\/","url":"https:\/\/gruporace.com\/wp-content\/uploads\/2025\/03\/logo_grupo_race.png","contentUrl":"https:\/\/gruporace.com\/wp-content\/uploads\/2025\/03\/logo_grupo_race.png","width":1000,"height":565,"caption":"Grupo Race"},"image":{"@id":"https:\/\/gruporace.com\/#\/schema\/logo\/image\/"},"sameAs":["https:\/\/www.facebook.com\/profile.php?id=100066666979453","https:\/\/www.instagram.com\/race_usa","https:\/\/www.youtube.com\/@racemaquinariacarnicos"]}]}},"_links":{"self":[{"href":"https:\/\/gruporace.com\/en\/wp-json\/wp\/v2\/pages\/791","targetHints":{"allow":["GET"]}}],"collection":[{"href":"https:\/\/gruporace.com\/en\/wp-json\/wp\/v2\/pages"}],"about":[{"href":"https:\/\/gruporace.com\/en\/wp-json\/wp\/v2\/types\/page"}],"author":[{"embeddable":true,"href":"https:\/\/gruporace.com\/en\/wp-json\/wp\/v2\/users\/1"}],"replies":[{"embeddable":true,"href":"https:\/\/gruporace.com\/en\/wp-json\/wp\/v2\/comments?post=791"}],"version-history":[{"count":22,"href":"https:\/\/gruporace.com\/en\/wp-json\/wp\/v2\/pages\/791\/revisions"}],"predecessor-version":[{"id":1279,"href":"https:\/\/gruporace.com\/en\/wp-json\/wp\/v2\/pages\/791\/revisions\/1279"}],"wp:attachment":[{"href":"https:\/\/gruporace.com\/en\/wp-json\/wp\/v2\/media?parent=791"}],"curies":[{"name":"wp","href":"https:\/\/api.w.org\/{rel}","templated":true}]}}