{"id":822,"date":"2025-07-17T19:48:56","date_gmt":"2025-07-17T19:48:56","guid":{"rendered":"https:\/\/gruporace.com\/?page_id=822"},"modified":"2025-12-24T17:23:46","modified_gmt":"2025-12-24T17:23:46","slug":"lavamanos-elpress","status":"publish","type":"page","link":"https:\/\/gruporace.com\/en\/lavamanos-elpress\/","title":{"rendered":"Elpress sink"},"content":{"rendered":"<div data-elementor-type=\"wp-page\" data-elementor-id=\"822\" class=\"elementor elementor-822\">\n\t\t\t\t<div class=\"elementor-element elementor-element-33343b7 e-flex e-con-boxed e-con e-parent\" data-id=\"33343b7\" data-element_type=\"container\" data-e-type=\"container\" data-settings=\"{&quot;background_background&quot;:&quot;classic&quot;}\">\n\t\t\t\t\t<div class=\"e-con-inner\">\n\t\t<div class=\"elementor-element elementor-element-4b1e9c2 e-con-full elementor-hidden-mobile e-flex e-con e-child\" data-id=\"4b1e9c2\" data-element_type=\"container\" data-e-type=\"container\">\n\t\t\t\t<\/div>\n\t\t<div class=\"elementor-element elementor-element-2c6484a e-con-full e-flex e-con e-child\" data-id=\"2c6484a\" data-element_type=\"container\" data-e-type=\"container\">\n\t\t\t\t<div class=\"elementor-element elementor-element-aa9d0f9 elementor-widget elementor-widget-heading\" data-id=\"aa9d0f9\" data-element_type=\"widget\" data-e-type=\"widget\" data-widget_type=\"heading.default\">\n\t\t\t\t<div class=\"elementor-widget-container\">\n\t\t\t\t\t<h2 class=\"elementor-heading-title elementor-size-default\">Elpress sink<\/h2>\t\t\t\t<\/div>\n\t\t\t\t<\/div>\n\t\t\t\t<\/div>\n\t\t<div class=\"elementor-element elementor-element-45fa0b8 e-con-full e-flex e-con e-child\" data-id=\"45fa0b8\" data-element_type=\"container\" data-e-type=\"container\">\n\t\t\t\t<\/div>\n\t\t\t\t\t<\/div>\n\t\t\t\t<\/div>\n\t\t<div class=\"elementor-element elementor-element-009b931 e-flex e-con-boxed e-con e-parent\" data-id=\"009b931\" data-element_type=\"container\" data-e-type=\"container\" data-settings=\"{&quot;background_background&quot;:&quot;classic&quot;}\">\n\t\t\t\t\t<div class=\"e-con-inner\">\n\t\t<div class=\"elementor-element elementor-element-da357c2 e-con-full e-flex e-con e-child\" data-id=\"da357c2\" data-element_type=\"container\" data-e-type=\"container\">\n\t\t\t\t<div class=\"elementor-element elementor-element-6a1fef6 elementor-widget-mobile__width-initial elementor-widget elementor-widget-image\" data-id=\"6a1fef6\" data-element_type=\"widget\" data-e-type=\"widget\" data-widget_type=\"image.default\">\n\t\t\t\t<div class=\"elementor-widget-container\">\n\t\t\t\t\t\t\t\t\t\t\t\t\t\t\t<img fetchpriority=\"high\" decoding=\"async\" width=\"414\" height=\"306\" src=\"https:\/\/gruporace.com\/wp-content\/uploads\/2025\/07\/lavamanos_elpress.jpg\" class=\"attachment-full size-full wp-image-831\" alt=\"\" srcset=\"https:\/\/gruporace.com\/wp-content\/uploads\/2025\/07\/lavamanos_elpress.jpg 414w, https:\/\/gruporace.com\/wp-content\/uploads\/2025\/07\/lavamanos_elpress-300x222.jpg 300w\" sizes=\"(max-width: 414px) 100vw, 414px\" \/>\t\t\t\t\t\t\t\t\t\t\t\t\t\t\t<\/div>\n\t\t\t\t<\/div>\n\t\t\t\t<\/div>\n\t\t<div class=\"elementor-element elementor-element-99be385 e-con-full e-flex e-con e-child\" data-id=\"99be385\" data-element_type=\"container\" data-e-type=\"container\">\n\t\t\t\t<div class=\"elementor-element elementor-element-9e34c6d elementor-widget elementor-widget-image\" data-id=\"9e34c6d\" data-element_type=\"widget\" data-e-type=\"widget\" data-widget_type=\"image.default\">\n\t\t\t\t<div class=\"elementor-widget-container\">\n\t\t\t\t\t\t\t\t\t\t\t\t\t\t\t<img decoding=\"async\" width=\"200\" height=\"118\" src=\"https:\/\/gruporace.com\/wp-content\/uploads\/2025\/02\/elpress_logo.png\" class=\"attachment-full size-full wp-image-513\" alt=\"\" \/>\t\t\t\t\t\t\t\t\t\t\t\t\t\t\t<\/div>\n\t\t\t\t<\/div>\n\t\t\t\t<div class=\"elementor-element elementor-element-0586e40 elementor-widget elementor-widget-heading\" data-id=\"0586e40\" data-element_type=\"widget\" data-e-type=\"widget\" data-widget_type=\"heading.default\">\n\t\t\t\t<div class=\"elementor-widget-container\">\n\t\t\t\t\t<h2 class=\"elementor-heading-title elementor-size-default\">Industrial Handwashing Sink MODEL EWG-6<\/h2>\t\t\t\t<\/div>\n\t\t\t\t<\/div>\n\t\t\t\t<div class=\"elementor-element elementor-element-0c42432 elementor-widget elementor-widget-text-editor\" data-id=\"0c42432\" data-element_type=\"widget\" data-e-type=\"widget\" data-widget_type=\"text-editor.default\">\n\t\t\t\t<div class=\"elementor-widget-container\">\n\t\t\t\t\t\t\t\t\t<p>Elpress multi-sink handwashing stations are designed for intensive, simultaneous use by multiple operators, meeting high hygiene standards in the food, pharmaceutical, and other critical industries.<\/p>\t\t\t\t\t\t\t\t<\/div>\n\t\t\t\t<\/div>\n\t\t\t\t<div class=\"elementor-element elementor-element-2a73ec4 elementor-widget elementor-widget-heading\" data-id=\"2a73ec4\" data-element_type=\"widget\" data-e-type=\"widget\" data-widget_type=\"heading.default\">\n\t\t\t\t<div class=\"elementor-widget-container\">\n\t\t\t\t\t<h2 class=\"elementor-heading-title elementor-size-default\">Highlighted Technical Features:<\/h2>\t\t\t\t<\/div>\n\t\t\t\t<\/div>\n\t\t\t\t<div class=\"elementor-element elementor-element-5408fce elementor-widget elementor-widget-text-editor\" data-id=\"5408fce\" data-element_type=\"widget\" data-e-type=\"widget\" data-widget_type=\"text-editor.default\">\n\t\t\t\t<div class=\"elementor-widget-container\">\n\t\t\t\t\t\t\t\t\t<ul><li><strong>Material:<\/strong> AISI 304 stainless steel (hygienic and durable design).<\/li><li><strong>Configuration: <\/strong>Versions with 1 to 6 wash positions.<\/li><li><strong>Actuation: <\/strong>Sensor, knee, elbow, or manual (depending on model).<\/li><li><strong>Water System:<\/strong> Cold, hot, or mixed water.<\/li><li><strong>Handwashing Sink: <\/strong>Deep conical bowl to prevent splashing.<\/li><li><strong>Mounting:<\/strong> Wall-mounted, freestanding, or built-in.<\/li><li><strong>Optional Options:<\/strong> Soap dispenser, hand dryer, automatic dispenser.<\/li><li><strong>Certification:<\/strong> Complies with HACCP, IFS, BRC, and ISO regulations.<\/li><\/ul>\t\t\t\t\t\t\t\t<\/div>\n\t\t\t\t<\/div>\n\t\t\t\t<\/div>\n\t\t\t\t\t<\/div>\n\t\t\t\t<\/div>\n\t\t<div class=\"elementor-element elementor-element-0aada96 e-flex e-con-boxed e-con e-parent\" data-id=\"0aada96\" data-element_type=\"container\" data-e-type=\"container\" data-settings=\"{&quot;background_background&quot;:&quot;classic&quot;}\">\n\t\t\t\t\t<div class=\"e-con-inner\">\n\t\t<div class=\"elementor-element elementor-element-75dbafa e-con-full e-flex e-con e-child\" data-id=\"75dbafa\" data-element_type=\"container\" data-e-type=\"container\">\n\t\t\t\t<div class=\"elementor-element elementor-element-297636a elementor-widget elementor-widget-heading\" data-id=\"297636a\" data-element_type=\"widget\" data-e-type=\"widget\" data-widget_type=\"heading.default\">\n\t\t\t\t<div class=\"elementor-widget-container\">\n\t\t\t\t\t<h2 class=\"elementor-heading-title elementor-size-default\">Key Benefits:<\/h2>\t\t\t\t<\/div>\n\t\t\t\t<\/div>\n\t\t\t\t<div class=\"elementor-element elementor-element-4d91be2 elementor-widget elementor-widget-text-editor\" data-id=\"4d91be2\" data-element_type=\"widget\" data-e-type=\"widget\" data-widget_type=\"text-editor.default\">\n\t\t\t\t<div class=\"elementor-widget-container\">\n\t\t\t\t\t\t\t\t\t<ul><li>Facilitates simultaneous handwashing by multiple workers at entrances to sanitary areas.<\/li><li>Robust, fully welded construction: maximum hygiene and minimal waste buildup.<\/li><li>Reduced time and increased operational efficiency during high-traffic shifts.<\/li><li>Possibility of integration with access control systems or sanitary shifts.<\/li><\/ul>\t\t\t\t\t\t\t\t<\/div>\n\t\t\t\t<\/div>\n\t\t\t\t<\/div>\n\t\t<div class=\"elementor-element elementor-element-7401702 e-con-full e-flex e-con e-child\" data-id=\"7401702\" data-element_type=\"container\" data-e-type=\"container\">\n\t\t\t\t<div class=\"elementor-element elementor-element-526acad elementor-widget elementor-widget-heading\" data-id=\"526acad\" data-element_type=\"widget\" data-e-type=\"widget\" data-widget_type=\"heading.default\">\n\t\t\t\t<div class=\"elementor-widget-container\">\n\t\t\t\t\t<h2 class=\"elementor-heading-title elementor-size-default\">Options and customization:<\/h2>\t\t\t\t<\/div>\n\t\t\t\t<\/div>\n\t\t\t\t<div class=\"elementor-element elementor-element-e942979 elementor-widget elementor-widget-text-editor\" data-id=\"e942979\" data-element_type=\"widget\" data-e-type=\"widget\" data-widget_type=\"text-editor.default\">\n\t\t\t\t<div class=\"elementor-widget-container\">\n\t\t\t\t\t\t\t\t\t<ul><li>Linear, angled, or island layout.<\/li><li>Connection to water heaters or recycling systems.<\/li><li>Stations with mirrors, towel racks, or LED signage.<\/li><li>Special models for people with reduced mobility (PRM).<\/li><\/ul>\t\t\t\t\t\t\t\t<\/div>\n\t\t\t\t<\/div>\n\t\t\t\t<\/div>\n\t\t\t\t\t<\/div>\n\t\t\t\t<\/div>\n\t\t<div class=\"elementor-element elementor-element-ca5af70 e-flex e-con-boxed e-con e-parent\" data-id=\"ca5af70\" data-element_type=\"container\" data-e-type=\"container\">\n\t\t\t\t\t<div class=\"e-con-inner\">\n\t\t<div class=\"elementor-element elementor-element-fed9395 e-con-full e-flex e-con e-child\" data-id=\"fed9395\" data-element_type=\"container\" data-e-type=\"container\">\n\t\t\t\t<div class=\"elementor-element elementor-element-af398b3 elementor-widget elementor-widget-heading\" data-id=\"af398b3\" data-element_type=\"widget\" data-e-type=\"widget\" data-widget_type=\"heading.default\">\n\t\t\t\t<div class=\"elementor-widget-container\">\n\t\t\t\t\t<h2 class=\"elementor-heading-title elementor-size-default\">Common Applications:<\/h2>\t\t\t\t<\/div>\n\t\t\t\t<\/div>\n\t\t\t\t<div class=\"elementor-element elementor-element-09384ab elementor-widget elementor-widget-text-editor\" data-id=\"09384ab\" data-element_type=\"widget\" data-e-type=\"widget\" data-widget_type=\"text-editor.default\">\n\t\t\t\t<div class=\"elementor-widget-container\">\n\t\t\t\t\t\t\t\t\t<ul><li>Food and meat processing rooms.<\/li><li>Dairy, bakery, and beverage plants.<\/li><li>Cosmetics and pharmaceutical industries.<\/li><li>Clean rooms, sanitary changing rooms, and production access.<\/li><\/ul>\t\t\t\t\t\t\t\t<\/div>\n\t\t\t\t<\/div>\n\t\t\t\t<\/div>\n\t\t<div class=\"elementor-element elementor-element-480675d e-con-full e-flex e-con e-child\" data-id=\"480675d\" data-element_type=\"container\" data-e-type=\"container\">\n\t\t\t\t<div class=\"elementor-element elementor-element-546cde2 elementor-widget elementor-widget-heading\" data-id=\"546cde2\" data-element_type=\"widget\" data-e-type=\"widget\" data-widget_type=\"heading.default\">\n\t\t\t\t<div class=\"elementor-widget-container\">\n\t\t\t\t\t<h2 class=\"elementor-heading-title elementor-size-default\">Includes:<\/h2>\t\t\t\t<\/div>\n\t\t\t\t<\/div>\n\t\t\t\t<div class=\"elementor-element elementor-element-80ef2d3 elementor-widget elementor-widget-text-editor\" data-id=\"80ef2d3\" data-element_type=\"widget\" data-e-type=\"widget\" data-widget_type=\"text-editor.default\">\n\t\t\t\t<div class=\"elementor-widget-container\">\n\t\t\t\t\t\t\t\t\t<ul><li>Welded stainless steel station.<\/li><li>Actuation valve(s) depending on configuration.<\/li><li>Hydraulic connections.<\/li><li>Mounting brackets (wall-mounted or freestanding).<\/li><\/ul>\t\t\t\t\t\t\t\t<\/div>\n\t\t\t\t<\/div>\n\t\t\t\t<\/div>\n\t\t\t\t\t<\/div>\n\t\t\t\t<\/div>\n\t\t<div class=\"elementor-element elementor-element-a4db5cb e-flex e-con-boxed e-con e-parent\" data-id=\"a4db5cb\" data-element_type=\"container\" data-e-type=\"container\">\n\t\t\t\t\t<div class=\"e-con-inner\">\n\t\t\t\t<div class=\"elementor-element elementor-element-9aa1bb8 elementor-align-center elementor-widget elementor-widget-button\" data-id=\"9aa1bb8\" data-element_type=\"widget\" data-e-type=\"widget\" data-widget_type=\"button.default\">\n\t\t\t\t<div class=\"elementor-widget-container\">\n\t\t\t\t\t\t\t\t\t<div class=\"elementor-button-wrapper\">\n\t\t\t\t\t<a class=\"elementor-button elementor-button-link elementor-size-sm\" href=\"https:\/\/wa.link\/3r7cty\" target=\"_blank\">\n\t\t\t\t\t\t<span class=\"elementor-button-content-wrapper\">\n\t\t\t\t\t\t\t\t\t<span class=\"elementor-button-text\">Talk to an advisor<\/span>\n\t\t\t\t\t<\/span>\n\t\t\t\t\t<\/a>\n\t\t\t\t<\/div>\n\t\t\t\t\t\t\t\t<\/div>\n\t\t\t\t<\/div>\n\t\t\t\t\t<\/div>\n\t\t\t\t<\/div>\n\t\t\t\t<\/div>","protected":false},"excerpt":{"rendered":"<p>Lavamanos Elpress Lavamanos industrial MODELO EWG-6 Los lavabos m\u00faltiples de Elpress son estaciones de lavado de manos dise\u00f1adas para uso intensivo y simult\u00e1neo por m\u00faltiples operarios, cumpliendo con altos est\u00e1ndares de higiene en la industria alimentaria, farmac\u00e9utica y otras aplicaciones cr\u00edticas. Caracter\u00edsticas T\u00e9cnicas Destacadas: Material: Acero inoxidable AISI 304 (dise\u00f1o higi\u00e9nico y duradero). Configuraci\u00f3n: Versiones [&hellip;]<\/p>\n","protected":false},"author":1,"featured_media":0,"parent":0,"menu_order":0,"comment_status":"closed","ping_status":"closed","template":"elementor_header_footer","meta":{"_acf_changed":false,"footnotes":""},"class_list":["post-822","page","type-page","status-publish","hentry"],"acf":[],"yoast_head":"<!-- This site is optimized with the Yoast SEO plugin v27.5 - https:\/\/yoast.com\/product\/yoast-seo-wordpress\/ -->\n<title>Lavamanos Elpress - Grupo Race<\/title>\n<meta name=\"robots\" content=\"index, follow, max-snippet:-1, max-image-preview:large, max-video-preview:-1\" \/>\n<link rel=\"canonical\" href=\"https:\/\/gruporace.com\/en\/lavamanos-elpress\/\" \/>\n<meta property=\"og:locale\" content=\"en_US\" \/>\n<meta property=\"og:type\" content=\"article\" \/>\n<meta property=\"og:title\" content=\"Lavamanos Elpress - Grupo Race\" \/>\n<meta property=\"og:description\" content=\"Lavamanos Elpress Lavamanos industrial MODELO EWG-6 Los lavabos m\u00faltiples de Elpress son estaciones de lavado de manos dise\u00f1adas para uso intensivo y simult\u00e1neo por m\u00faltiples operarios, cumpliendo con altos est\u00e1ndares de higiene en la industria alimentaria, farmac\u00e9utica y otras aplicaciones cr\u00edticas. Caracter\u00edsticas T\u00e9cnicas Destacadas: Material: Acero inoxidable AISI 304 (dise\u00f1o higi\u00e9nico y duradero). Configuraci\u00f3n: Versiones [&hellip;]\" \/>\n<meta property=\"og:url\" content=\"https:\/\/gruporace.com\/en\/lavamanos-elpress\/\" \/>\n<meta property=\"og:site_name\" content=\"Grupo Race\" \/>\n<meta property=\"article:publisher\" content=\"https:\/\/www.facebook.com\/profile.php?id=100066666979453\" \/>\n<meta property=\"article:modified_time\" content=\"2025-12-24T17:23:46+00:00\" \/>\n<meta property=\"og:image\" content=\"https:\/\/gruporace.com\/wp-content\/uploads\/2025\/07\/lavamanos_elpress.jpg\" \/>\n\t<meta property=\"og:image:width\" content=\"414\" \/>\n\t<meta property=\"og:image:height\" content=\"306\" \/>\n\t<meta property=\"og:image:type\" content=\"image\/jpeg\" \/>\n<meta name=\"twitter:card\" content=\"summary_large_image\" \/>\n<meta name=\"twitter:label1\" content=\"Est. reading time\" \/>\n\t<meta name=\"twitter:data1\" content=\"2 minutes\" \/>\n<script type=\"application\/ld+json\" class=\"yoast-schema-graph\">{\"@context\":\"https:\\\/\\\/schema.org\",\"@graph\":[{\"@type\":\"WebPage\",\"@id\":\"https:\\\/\\\/gruporace.com\\\/lavamanos-elpress\\\/\",\"url\":\"https:\\\/\\\/gruporace.com\\\/lavamanos-elpress\\\/\",\"name\":\"Lavamanos Elpress - Grupo Race\",\"isPartOf\":{\"@id\":\"https:\\\/\\\/gruporace.com\\\/#website\"},\"primaryImageOfPage\":{\"@id\":\"https:\\\/\\\/gruporace.com\\\/lavamanos-elpress\\\/#primaryimage\"},\"image\":{\"@id\":\"https:\\\/\\\/gruporace.com\\\/lavamanos-elpress\\\/#primaryimage\"},\"thumbnailUrl\":\"https:\\\/\\\/gruporace.com\\\/wp-content\\\/uploads\\\/2025\\\/07\\\/lavamanos_elpress.jpg\",\"datePublished\":\"2025-07-17T19:48:56+00:00\",\"dateModified\":\"2025-12-24T17:23:46+00:00\",\"breadcrumb\":{\"@id\":\"https:\\\/\\\/gruporace.com\\\/lavamanos-elpress\\\/#breadcrumb\"},\"inLanguage\":\"en-US\",\"potentialAction\":[{\"@type\":\"ReadAction\",\"target\":[\"https:\\\/\\\/gruporace.com\\\/lavamanos-elpress\\\/\"]}]},{\"@type\":\"ImageObject\",\"inLanguage\":\"en-US\",\"@id\":\"https:\\\/\\\/gruporace.com\\\/lavamanos-elpress\\\/#primaryimage\",\"url\":\"https:\\\/\\\/gruporace.com\\\/wp-content\\\/uploads\\\/2025\\\/07\\\/lavamanos_elpress.jpg\",\"contentUrl\":\"https:\\\/\\\/gruporace.com\\\/wp-content\\\/uploads\\\/2025\\\/07\\\/lavamanos_elpress.jpg\"},{\"@type\":\"BreadcrumbList\",\"@id\":\"https:\\\/\\\/gruporace.com\\\/lavamanos-elpress\\\/#breadcrumb\",\"itemListElement\":[{\"@type\":\"ListItem\",\"position\":1,\"name\":\"Inicio\",\"item\":\"https:\\\/\\\/gruporace.com\\\/\"},{\"@type\":\"ListItem\",\"position\":2,\"name\":\"Lavamanos Elpress\"}]},{\"@type\":\"WebSite\",\"@id\":\"https:\\\/\\\/gruporace.com\\\/#website\",\"url\":\"https:\\\/\\\/gruporace.com\\\/\",\"name\":\"Grupo Race\",\"description\":\"Maquinaria y Consumibles\",\"publisher\":{\"@id\":\"https:\\\/\\\/gruporace.com\\\/#organization\"},\"potentialAction\":[{\"@type\":\"SearchAction\",\"target\":{\"@type\":\"EntryPoint\",\"urlTemplate\":\"https:\\\/\\\/gruporace.com\\\/?s={search_term_string}\"},\"query-input\":{\"@type\":\"PropertyValueSpecification\",\"valueRequired\":true,\"valueName\":\"search_term_string\"}}],\"inLanguage\":\"en-US\"},{\"@type\":\"Organization\",\"@id\":\"https:\\\/\\\/gruporace.com\\\/#organization\",\"name\":\"Grupo Race\",\"url\":\"https:\\\/\\\/gruporace.com\\\/\",\"logo\":{\"@type\":\"ImageObject\",\"inLanguage\":\"en-US\",\"@id\":\"https:\\\/\\\/gruporace.com\\\/#\\\/schema\\\/logo\\\/image\\\/\",\"url\":\"https:\\\/\\\/gruporace.com\\\/wp-content\\\/uploads\\\/2025\\\/03\\\/logo_grupo_race.png\",\"contentUrl\":\"https:\\\/\\\/gruporace.com\\\/wp-content\\\/uploads\\\/2025\\\/03\\\/logo_grupo_race.png\",\"width\":1000,\"height\":565,\"caption\":\"Grupo Race\"},\"image\":{\"@id\":\"https:\\\/\\\/gruporace.com\\\/#\\\/schema\\\/logo\\\/image\\\/\"},\"sameAs\":[\"https:\\\/\\\/www.facebook.com\\\/profile.php?id=100066666979453\",\"https:\\\/\\\/www.instagram.com\\\/race_usa\",\"https:\\\/\\\/www.youtube.com\\\/@racemaquinariacarnicos\"]}]}<\/script>\n<!-- \/ Yoast SEO plugin. -->","yoast_head_json":{"title":"Lavamanos Elpress - Grupo Race","robots":{"index":"index","follow":"follow","max-snippet":"max-snippet:-1","max-image-preview":"max-image-preview:large","max-video-preview":"max-video-preview:-1"},"canonical":"https:\/\/gruporace.com\/en\/lavamanos-elpress\/","og_locale":"en_US","og_type":"article","og_title":"Lavamanos Elpress - Grupo Race","og_description":"Lavamanos Elpress Lavamanos industrial MODELO EWG-6 Los lavabos m\u00faltiples de Elpress son estaciones de lavado de manos dise\u00f1adas para uso intensivo y simult\u00e1neo por m\u00faltiples operarios, cumpliendo con altos est\u00e1ndares de higiene en la industria alimentaria, farmac\u00e9utica y otras aplicaciones cr\u00edticas. Caracter\u00edsticas T\u00e9cnicas Destacadas: Material: Acero inoxidable AISI 304 (dise\u00f1o higi\u00e9nico y duradero). Configuraci\u00f3n: Versiones [&hellip;]","og_url":"https:\/\/gruporace.com\/en\/lavamanos-elpress\/","og_site_name":"Grupo Race","article_publisher":"https:\/\/www.facebook.com\/profile.php?id=100066666979453","article_modified_time":"2025-12-24T17:23:46+00:00","og_image":[{"width":414,"height":306,"url":"https:\/\/gruporace.com\/wp-content\/uploads\/2025\/07\/lavamanos_elpress.jpg","type":"image\/jpeg"}],"twitter_card":"summary_large_image","twitter_misc":{"Est. reading time":"2 minutes"},"schema":{"@context":"https:\/\/schema.org","@graph":[{"@type":"WebPage","@id":"https:\/\/gruporace.com\/lavamanos-elpress\/","url":"https:\/\/gruporace.com\/lavamanos-elpress\/","name":"Lavamanos Elpress - Grupo Race","isPartOf":{"@id":"https:\/\/gruporace.com\/#website"},"primaryImageOfPage":{"@id":"https:\/\/gruporace.com\/lavamanos-elpress\/#primaryimage"},"image":{"@id":"https:\/\/gruporace.com\/lavamanos-elpress\/#primaryimage"},"thumbnailUrl":"https:\/\/gruporace.com\/wp-content\/uploads\/2025\/07\/lavamanos_elpress.jpg","datePublished":"2025-07-17T19:48:56+00:00","dateModified":"2025-12-24T17:23:46+00:00","breadcrumb":{"@id":"https:\/\/gruporace.com\/lavamanos-elpress\/#breadcrumb"},"inLanguage":"en-US","potentialAction":[{"@type":"ReadAction","target":["https:\/\/gruporace.com\/lavamanos-elpress\/"]}]},{"@type":"ImageObject","inLanguage":"en-US","@id":"https:\/\/gruporace.com\/lavamanos-elpress\/#primaryimage","url":"https:\/\/gruporace.com\/wp-content\/uploads\/2025\/07\/lavamanos_elpress.jpg","contentUrl":"https:\/\/gruporace.com\/wp-content\/uploads\/2025\/07\/lavamanos_elpress.jpg"},{"@type":"BreadcrumbList","@id":"https:\/\/gruporace.com\/lavamanos-elpress\/#breadcrumb","itemListElement":[{"@type":"ListItem","position":1,"name":"Inicio","item":"https:\/\/gruporace.com\/"},{"@type":"ListItem","position":2,"name":"Lavamanos Elpress"}]},{"@type":"WebSite","@id":"https:\/\/gruporace.com\/#website","url":"https:\/\/gruporace.com\/","name":"Grupo Race","description":"Maquinaria y Consumibles","publisher":{"@id":"https:\/\/gruporace.com\/#organization"},"potentialAction":[{"@type":"SearchAction","target":{"@type":"EntryPoint","urlTemplate":"https:\/\/gruporace.com\/?s={search_term_string}"},"query-input":{"@type":"PropertyValueSpecification","valueRequired":true,"valueName":"search_term_string"}}],"inLanguage":"en-US"},{"@type":"Organization","@id":"https:\/\/gruporace.com\/#organization","name":"Grupo Race","url":"https:\/\/gruporace.com\/","logo":{"@type":"ImageObject","inLanguage":"en-US","@id":"https:\/\/gruporace.com\/#\/schema\/logo\/image\/","url":"https:\/\/gruporace.com\/wp-content\/uploads\/2025\/03\/logo_grupo_race.png","contentUrl":"https:\/\/gruporace.com\/wp-content\/uploads\/2025\/03\/logo_grupo_race.png","width":1000,"height":565,"caption":"Grupo Race"},"image":{"@id":"https:\/\/gruporace.com\/#\/schema\/logo\/image\/"},"sameAs":["https:\/\/www.facebook.com\/profile.php?id=100066666979453","https:\/\/www.instagram.com\/race_usa","https:\/\/www.youtube.com\/@racemaquinariacarnicos"]}]}},"_links":{"self":[{"href":"https:\/\/gruporace.com\/en\/wp-json\/wp\/v2\/pages\/822","targetHints":{"allow":["GET"]}}],"collection":[{"href":"https:\/\/gruporace.com\/en\/wp-json\/wp\/v2\/pages"}],"about":[{"href":"https:\/\/gruporace.com\/en\/wp-json\/wp\/v2\/types\/page"}],"author":[{"embeddable":true,"href":"https:\/\/gruporace.com\/en\/wp-json\/wp\/v2\/users\/1"}],"replies":[{"embeddable":true,"href":"https:\/\/gruporace.com\/en\/wp-json\/wp\/v2\/comments?post=822"}],"version-history":[{"count":19,"href":"https:\/\/gruporace.com\/en\/wp-json\/wp\/v2\/pages\/822\/revisions"}],"predecessor-version":[{"id":1282,"href":"https:\/\/gruporace.com\/en\/wp-json\/wp\/v2\/pages\/822\/revisions\/1282"}],"wp:attachment":[{"href":"https:\/\/gruporace.com\/en\/wp-json\/wp\/v2\/media?parent=822"}],"curies":[{"name":"wp","href":"https:\/\/api.w.org\/{rel}","templated":true}]}}