{"id":840,"date":"2025-07-17T20:12:08","date_gmt":"2025-07-17T20:12:08","guid":{"rendered":"https:\/\/gruporace.com\/?page_id=840"},"modified":"2025-12-24T18:02:23","modified_gmt":"2025-12-24T18:02:23","slug":"cuchillos-giesser","status":"publish","type":"page","link":"https:\/\/gruporace.com\/en\/cuchillos-giesser\/","title":{"rendered":"Cuchillos Giesser"},"content":{"rendered":"<div data-elementor-type=\"wp-page\" data-elementor-id=\"840\" class=\"elementor elementor-840\">\n\t\t\t\t<div class=\"elementor-element elementor-element-ea664af e-flex e-con-boxed e-con e-parent\" data-id=\"ea664af\" data-element_type=\"container\" data-e-type=\"container\" data-settings=\"{&quot;background_background&quot;:&quot;classic&quot;}\">\n\t\t\t\t\t<div class=\"e-con-inner\">\n\t\t<div class=\"elementor-element elementor-element-d0dea2b e-con-full elementor-hidden-mobile e-flex e-con e-child\" data-id=\"d0dea2b\" data-element_type=\"container\" data-e-type=\"container\">\n\t\t\t\t<\/div>\n\t\t<div class=\"elementor-element elementor-element-73f86e9 e-con-full e-flex e-con e-child\" data-id=\"73f86e9\" data-element_type=\"container\" data-e-type=\"container\">\n\t\t\t\t<div class=\"elementor-element elementor-element-027f774 elementor-widget elementor-widget-heading\" data-id=\"027f774\" data-element_type=\"widget\" data-e-type=\"widget\" data-widget_type=\"heading.default\">\n\t\t\t\t<div class=\"elementor-widget-container\">\n\t\t\t\t\t<h2 class=\"elementor-heading-title elementor-size-default\">Cuchillos Profesionales GIESSER<\/h2>\t\t\t\t<\/div>\n\t\t\t\t<\/div>\n\t\t\t\t<\/div>\n\t\t<div class=\"elementor-element elementor-element-42347a6 e-con-full e-flex e-con e-child\" data-id=\"42347a6\" data-element_type=\"container\" data-e-type=\"container\">\n\t\t\t\t<\/div>\n\t\t\t\t\t<\/div>\n\t\t\t\t<\/div>\n\t\t<div class=\"elementor-element elementor-element-9dc3e4c e-flex e-con-boxed e-con e-parent\" data-id=\"9dc3e4c\" data-element_type=\"container\" data-e-type=\"container\" data-settings=\"{&quot;background_background&quot;:&quot;classic&quot;}\">\n\t\t\t\t\t<div class=\"e-con-inner\">\n\t\t<div class=\"elementor-element elementor-element-0cca925 e-con-full e-flex e-con e-child\" data-id=\"0cca925\" data-element_type=\"container\" data-e-type=\"container\">\n\t\t\t\t<div class=\"elementor-element elementor-element-1314ad0 elementor-widget-mobile__width-initial elementor-widget elementor-widget-image\" data-id=\"1314ad0\" data-element_type=\"widget\" data-e-type=\"widget\" data-widget_type=\"image.default\">\n\t\t\t\t<div class=\"elementor-widget-container\">\n\t\t\t\t\t\t\t\t\t\t\t\t\t\t\t<img fetchpriority=\"high\" decoding=\"async\" width=\"608\" height=\"129\" src=\"https:\/\/gruporace.com\/wp-content\/uploads\/2025\/07\/cuchillo_giesser.jpg\" class=\"attachment-full size-full wp-image-843\" alt=\"\" srcset=\"https:\/\/gruporace.com\/wp-content\/uploads\/2025\/07\/cuchillo_giesser.jpg 608w, https:\/\/gruporace.com\/wp-content\/uploads\/2025\/07\/cuchillo_giesser-300x64.jpg 300w\" sizes=\"(max-width: 608px) 100vw, 608px\" \/>\t\t\t\t\t\t\t\t\t\t\t\t\t\t\t<\/div>\n\t\t\t\t<\/div>\n\t\t\t\t<\/div>\n\t\t<div class=\"elementor-element elementor-element-75316ad e-con-full e-flex e-con e-child\" data-id=\"75316ad\" data-element_type=\"container\" data-e-type=\"container\">\n\t\t\t\t<div class=\"elementor-element elementor-element-d6fbe76 elementor-widget elementor-widget-image\" data-id=\"d6fbe76\" data-element_type=\"widget\" data-e-type=\"widget\" data-widget_type=\"image.default\">\n\t\t\t\t<div class=\"elementor-widget-container\">\n\t\t\t\t\t\t\t\t\t\t\t\t\t\t\t<img decoding=\"async\" width=\"300\" height=\"86\" src=\"https:\/\/gruporace.com\/wp-content\/uploads\/2025\/07\/logo_giesser.jpg\" class=\"attachment-full size-full wp-image-839\" alt=\"\" \/>\t\t\t\t\t\t\t\t\t\t\t\t\t\t\t<\/div>\n\t\t\t\t<\/div>\n\t\t\t\t<div class=\"elementor-element elementor-element-99dff07 elementor-widget elementor-widget-heading\" data-id=\"99dff07\" data-element_type=\"widget\" data-e-type=\"widget\" data-widget_type=\"heading.default\">\n\t\t\t\t<div class=\"elementor-widget-container\">\n\t\t\t\t\t<h2 class=\"elementor-heading-title elementor-size-default\">Professional Knives<\/h2>\t\t\t\t<\/div>\n\t\t\t\t<\/div>\n\t\t\t\t<div class=\"elementor-element elementor-element-f01bd97 elementor-widget elementor-widget-text-editor\" data-id=\"f01bd97\" data-element_type=\"widget\" data-e-type=\"widget\" data-widget_type=\"text-editor.default\">\n\t\t\t\t<div class=\"elementor-widget-container\">\n\t\t\t\t\t\t\t\t\tGIESSER knives are designed for professional use in the food, meat, and catering industries. They combine high-hardness stainless steel, a long-lasting edge, and superior ergonomics to deliver precise, safe, and fatigue-free cutting.\t\t\t\t\t\t\t\t<\/div>\n\t\t\t\t<\/div>\n\t\t\t\t<div class=\"elementor-element elementor-element-7830d62 elementor-widget elementor-widget-heading\" data-id=\"7830d62\" data-element_type=\"widget\" data-e-type=\"widget\" data-widget_type=\"heading.default\">\n\t\t\t\t<div class=\"elementor-widget-container\">\n\t\t\t\t\t<h2 class=\"elementor-heading-title elementor-size-default\">Highlighted Features:<\/h2>\t\t\t\t<\/div>\n\t\t\t\t<\/div>\n\t\t\t\t<div class=\"elementor-element elementor-element-92e8663 elementor-widget elementor-widget-text-editor\" data-id=\"92e8663\" data-element_type=\"widget\" data-e-type=\"widget\" data-widget_type=\"text-editor.default\">\n\t\t\t\t<div class=\"elementor-widget-container\">\n\t\t\t\t\t\t\t\t\t<ul><li>Exceptionally sharp, durable, and easy-to-maintain edge.<\/li><li>Ergonomic, non-slip handle for maximum comfort and safety.<\/li><li>Hardened stainless steel, ideal for intensive use.<\/li><li>Hygienic design suitable for environments with strict sanitary requirements.<\/li><li>Available in multiple blade sizes: boning, filleting, paring, and general slicing.<\/li><li>Produced in Germany with high quality standards.<\/li><\/ul>\t\t\t\t\t\t\t\t<\/div>\n\t\t\t\t<\/div>\n\t\t\t\t<\/div>\n\t\t\t\t\t<\/div>\n\t\t\t\t<\/div>\n\t\t<div class=\"elementor-element elementor-element-1d47039 e-flex e-con-boxed e-con e-parent\" data-id=\"1d47039\" data-element_type=\"container\" data-e-type=\"container\" data-settings=\"{&quot;background_background&quot;:&quot;classic&quot;}\">\n\t\t\t\t\t<div class=\"e-con-inner\">\n\t\t<div class=\"elementor-element elementor-element-5b035dc e-con-full e-flex e-con e-child\" data-id=\"5b035dc\" data-element_type=\"container\" data-e-type=\"container\">\n\t\t\t\t<div class=\"elementor-element elementor-element-48865a1 elementor-widget elementor-widget-heading\" data-id=\"48865a1\" data-element_type=\"widget\" data-e-type=\"widget\" data-widget_type=\"heading.default\">\n\t\t\t\t<div class=\"elementor-widget-container\">\n\t\t\t\t\t<h2 class=\"elementor-heading-title elementor-size-default\">Recommended Uses:<\/h2>\t\t\t\t<\/div>\n\t\t\t\t<\/div>\n\t\t\t\t<div class=\"elementor-element elementor-element-424bc4a elementor-widget elementor-widget-text-editor\" data-id=\"424bc4a\" data-element_type=\"widget\" data-e-type=\"widget\" data-widget_type=\"text-editor.default\">\n\t\t\t\t<div class=\"elementor-widget-container\">\n\t\t\t\t\t\t\t\t\t<ul><li>Meat processing (boning, trimming, primal cutting).<\/li><li>Industrial kitchens, supermarkets, butcher shops.<\/li><li>Food plants, packing plants, production lines.<\/li><\/ul>\t\t\t\t\t\t\t\t<\/div>\n\t\t\t\t<\/div>\n\t\t\t\t<\/div>\n\t\t<div class=\"elementor-element elementor-element-46d43c9 e-con-full e-flex e-con e-child\" data-id=\"46d43c9\" data-element_type=\"container\" data-e-type=\"container\">\n\t\t\t\t<div class=\"elementor-element elementor-element-bb8f897 elementor-widget elementor-widget-heading\" data-id=\"bb8f897\" data-element_type=\"widget\" data-e-type=\"widget\" data-widget_type=\"heading.default\">\n\t\t\t\t<div class=\"elementor-widget-container\">\n\t\t\t\t\t<h2 class=\"elementor-heading-title elementor-size-default\">Globally Trusted:<\/h2>\t\t\t\t<\/div>\n\t\t\t\t<\/div>\n\t\t\t\t<div class=\"elementor-element elementor-element-5f55f74 elementor-widget elementor-widget-text-editor\" data-id=\"5f55f74\" data-element_type=\"widget\" data-e-type=\"widget\" data-widget_type=\"text-editor.default\">\n\t\t\t\t<div class=\"elementor-widget-container\">\n\t\t\t\t\t\t\t\t\t<p>More than 15,000 knives manufactured daily, used in over 105 countries by professionals who demand reliable and durable cutting tools.<\/p>\t\t\t\t\t\t\t\t<\/div>\n\t\t\t\t<\/div>\n\t\t\t\t<\/div>\n\t\t\t\t\t<\/div>\n\t\t\t\t<\/div>\n\t\t<div class=\"elementor-element elementor-element-2dd288d e-flex e-con-boxed e-con e-parent\" data-id=\"2dd288d\" data-element_type=\"container\" data-e-type=\"container\" data-settings=\"{&quot;background_background&quot;:&quot;classic&quot;}\">\n\t\t\t\t\t<div class=\"e-con-inner\">\n\t\t\t\t<div class=\"elementor-element elementor-element-87ea071 elementor-align-center elementor-widget elementor-widget-button\" data-id=\"87ea071\" data-element_type=\"widget\" data-e-type=\"widget\" data-widget_type=\"button.default\">\n\t\t\t\t<div class=\"elementor-widget-container\">\n\t\t\t\t\t\t\t\t\t<div class=\"elementor-button-wrapper\">\n\t\t\t\t\t<a class=\"elementor-button elementor-button-link elementor-size-sm\" href=\"https:\/\/wa.link\/3r7cty\" target=\"_blank\">\n\t\t\t\t\t\t<span class=\"elementor-button-content-wrapper\">\n\t\t\t\t\t\t\t\t\t<span class=\"elementor-button-text\">Talk to an advisor<\/span>\n\t\t\t\t\t<\/span>\n\t\t\t\t\t<\/a>\n\t\t\t\t<\/div>\n\t\t\t\t\t\t\t\t<\/div>\n\t\t\t\t<\/div>\n\t\t\t\t\t<\/div>\n\t\t\t\t<\/div>\n\t\t\t\t<\/div>","protected":false},"excerpt":{"rendered":"<p>Cuchillos Profesionales GIESSER Cuchillos Profesionales Los cuchillos GIESSER est\u00e1n dise\u00f1ados para el uso profesional en la industria alimentaria, c\u00e1rnica y de hosteler\u00eda. Combinan acero inoxidable de alta dureza, filo de larga duraci\u00f3n y ergonom\u00eda superior para ofrecer un corte preciso, seguro y sin fatiga. Caracter\u00edsticas destacadas: Filo excepcionalmente agudo, duradero y f\u00e1cil de mantener. Mango [&hellip;]<\/p>\n","protected":false},"author":1,"featured_media":0,"parent":0,"menu_order":0,"comment_status":"closed","ping_status":"closed","template":"elementor_header_footer","meta":{"_acf_changed":false,"footnotes":""},"class_list":["post-840","page","type-page","status-publish","hentry"],"acf":[],"yoast_head":"<!-- This site is optimized with the Yoast SEO plugin v27.5 - https:\/\/yoast.com\/product\/yoast-seo-wordpress\/ -->\n<title>Cuchillos Giesser - Grupo Race<\/title>\n<meta name=\"robots\" content=\"index, follow, max-snippet:-1, max-image-preview:large, max-video-preview:-1\" \/>\n<link rel=\"canonical\" href=\"https:\/\/gruporace.com\/en\/cuchillos-giesser\/\" \/>\n<meta property=\"og:locale\" content=\"en_US\" \/>\n<meta property=\"og:type\" content=\"article\" \/>\n<meta property=\"og:title\" content=\"Cuchillos Giesser - Grupo Race\" \/>\n<meta property=\"og:description\" content=\"Cuchillos Profesionales GIESSER Cuchillos Profesionales Los cuchillos GIESSER est\u00e1n dise\u00f1ados para el uso profesional en la industria alimentaria, c\u00e1rnica y de hosteler\u00eda. Combinan acero inoxidable de alta dureza, filo de larga duraci\u00f3n y ergonom\u00eda superior para ofrecer un corte preciso, seguro y sin fatiga. Caracter\u00edsticas destacadas: Filo excepcionalmente agudo, duradero y f\u00e1cil de mantener. Mango [&hellip;]\" \/>\n<meta property=\"og:url\" content=\"https:\/\/gruporace.com\/en\/cuchillos-giesser\/\" \/>\n<meta property=\"og:site_name\" content=\"Grupo Race\" \/>\n<meta property=\"article:publisher\" content=\"https:\/\/www.facebook.com\/profile.php?id=100066666979453\" \/>\n<meta property=\"article:modified_time\" content=\"2025-12-24T18:02:23+00:00\" \/>\n<meta property=\"og:image\" content=\"https:\/\/gruporace.com\/wp-content\/uploads\/2025\/07\/cuchillo_giesser.jpg\" \/>\n\t<meta property=\"og:image:width\" content=\"608\" \/>\n\t<meta property=\"og:image:height\" content=\"129\" \/>\n\t<meta property=\"og:image:type\" content=\"image\/jpeg\" \/>\n<meta name=\"twitter:card\" content=\"summary_large_image\" \/>\n<meta name=\"twitter:label1\" content=\"Est. reading time\" \/>\n\t<meta name=\"twitter:data1\" content=\"2 minutes\" \/>\n<script type=\"application\/ld+json\" class=\"yoast-schema-graph\">{\"@context\":\"https:\\\/\\\/schema.org\",\"@graph\":[{\"@type\":\"WebPage\",\"@id\":\"https:\\\/\\\/gruporace.com\\\/cuchillos-giesser\\\/\",\"url\":\"https:\\\/\\\/gruporace.com\\\/cuchillos-giesser\\\/\",\"name\":\"Cuchillos Giesser - Grupo Race\",\"isPartOf\":{\"@id\":\"https:\\\/\\\/gruporace.com\\\/#website\"},\"primaryImageOfPage\":{\"@id\":\"https:\\\/\\\/gruporace.com\\\/cuchillos-giesser\\\/#primaryimage\"},\"image\":{\"@id\":\"https:\\\/\\\/gruporace.com\\\/cuchillos-giesser\\\/#primaryimage\"},\"thumbnailUrl\":\"https:\\\/\\\/gruporace.com\\\/wp-content\\\/uploads\\\/2025\\\/07\\\/cuchillo_giesser.jpg\",\"datePublished\":\"2025-07-17T20:12:08+00:00\",\"dateModified\":\"2025-12-24T18:02:23+00:00\",\"breadcrumb\":{\"@id\":\"https:\\\/\\\/gruporace.com\\\/cuchillos-giesser\\\/#breadcrumb\"},\"inLanguage\":\"en-US\",\"potentialAction\":[{\"@type\":\"ReadAction\",\"target\":[\"https:\\\/\\\/gruporace.com\\\/cuchillos-giesser\\\/\"]}]},{\"@type\":\"ImageObject\",\"inLanguage\":\"en-US\",\"@id\":\"https:\\\/\\\/gruporace.com\\\/cuchillos-giesser\\\/#primaryimage\",\"url\":\"https:\\\/\\\/gruporace.com\\\/wp-content\\\/uploads\\\/2025\\\/07\\\/cuchillo_giesser.jpg\",\"contentUrl\":\"https:\\\/\\\/gruporace.com\\\/wp-content\\\/uploads\\\/2025\\\/07\\\/cuchillo_giesser.jpg\"},{\"@type\":\"BreadcrumbList\",\"@id\":\"https:\\\/\\\/gruporace.com\\\/cuchillos-giesser\\\/#breadcrumb\",\"itemListElement\":[{\"@type\":\"ListItem\",\"position\":1,\"name\":\"Inicio\",\"item\":\"https:\\\/\\\/gruporace.com\\\/\"},{\"@type\":\"ListItem\",\"position\":2,\"name\":\"Cuchillos Giesser\"}]},{\"@type\":\"WebSite\",\"@id\":\"https:\\\/\\\/gruporace.com\\\/#website\",\"url\":\"https:\\\/\\\/gruporace.com\\\/\",\"name\":\"Grupo Race\",\"description\":\"Maquinaria y Consumibles\",\"publisher\":{\"@id\":\"https:\\\/\\\/gruporace.com\\\/#organization\"},\"potentialAction\":[{\"@type\":\"SearchAction\",\"target\":{\"@type\":\"EntryPoint\",\"urlTemplate\":\"https:\\\/\\\/gruporace.com\\\/?s={search_term_string}\"},\"query-input\":{\"@type\":\"PropertyValueSpecification\",\"valueRequired\":true,\"valueName\":\"search_term_string\"}}],\"inLanguage\":\"en-US\"},{\"@type\":\"Organization\",\"@id\":\"https:\\\/\\\/gruporace.com\\\/#organization\",\"name\":\"Grupo Race\",\"url\":\"https:\\\/\\\/gruporace.com\\\/\",\"logo\":{\"@type\":\"ImageObject\",\"inLanguage\":\"en-US\",\"@id\":\"https:\\\/\\\/gruporace.com\\\/#\\\/schema\\\/logo\\\/image\\\/\",\"url\":\"https:\\\/\\\/gruporace.com\\\/wp-content\\\/uploads\\\/2025\\\/03\\\/logo_grupo_race.png\",\"contentUrl\":\"https:\\\/\\\/gruporace.com\\\/wp-content\\\/uploads\\\/2025\\\/03\\\/logo_grupo_race.png\",\"width\":1000,\"height\":565,\"caption\":\"Grupo Race\"},\"image\":{\"@id\":\"https:\\\/\\\/gruporace.com\\\/#\\\/schema\\\/logo\\\/image\\\/\"},\"sameAs\":[\"https:\\\/\\\/www.facebook.com\\\/profile.php?id=100066666979453\",\"https:\\\/\\\/www.instagram.com\\\/race_usa\",\"https:\\\/\\\/www.youtube.com\\\/@racemaquinariacarnicos\"]}]}<\/script>\n<!-- \/ Yoast SEO plugin. -->","yoast_head_json":{"title":"Cuchillos Giesser - Grupo Race","robots":{"index":"index","follow":"follow","max-snippet":"max-snippet:-1","max-image-preview":"max-image-preview:large","max-video-preview":"max-video-preview:-1"},"canonical":"https:\/\/gruporace.com\/en\/cuchillos-giesser\/","og_locale":"en_US","og_type":"article","og_title":"Cuchillos Giesser - Grupo Race","og_description":"Cuchillos Profesionales GIESSER Cuchillos Profesionales Los cuchillos GIESSER est\u00e1n dise\u00f1ados para el uso profesional en la industria alimentaria, c\u00e1rnica y de hosteler\u00eda. Combinan acero inoxidable de alta dureza, filo de larga duraci\u00f3n y ergonom\u00eda superior para ofrecer un corte preciso, seguro y sin fatiga. Caracter\u00edsticas destacadas: Filo excepcionalmente agudo, duradero y f\u00e1cil de mantener. Mango [&hellip;]","og_url":"https:\/\/gruporace.com\/en\/cuchillos-giesser\/","og_site_name":"Grupo Race","article_publisher":"https:\/\/www.facebook.com\/profile.php?id=100066666979453","article_modified_time":"2025-12-24T18:02:23+00:00","og_image":[{"width":608,"height":129,"url":"https:\/\/gruporace.com\/wp-content\/uploads\/2025\/07\/cuchillo_giesser.jpg","type":"image\/jpeg"}],"twitter_card":"summary_large_image","twitter_misc":{"Est. reading time":"2 minutes"},"schema":{"@context":"https:\/\/schema.org","@graph":[{"@type":"WebPage","@id":"https:\/\/gruporace.com\/cuchillos-giesser\/","url":"https:\/\/gruporace.com\/cuchillos-giesser\/","name":"Cuchillos Giesser - Grupo Race","isPartOf":{"@id":"https:\/\/gruporace.com\/#website"},"primaryImageOfPage":{"@id":"https:\/\/gruporace.com\/cuchillos-giesser\/#primaryimage"},"image":{"@id":"https:\/\/gruporace.com\/cuchillos-giesser\/#primaryimage"},"thumbnailUrl":"https:\/\/gruporace.com\/wp-content\/uploads\/2025\/07\/cuchillo_giesser.jpg","datePublished":"2025-07-17T20:12:08+00:00","dateModified":"2025-12-24T18:02:23+00:00","breadcrumb":{"@id":"https:\/\/gruporace.com\/cuchillos-giesser\/#breadcrumb"},"inLanguage":"en-US","potentialAction":[{"@type":"ReadAction","target":["https:\/\/gruporace.com\/cuchillos-giesser\/"]}]},{"@type":"ImageObject","inLanguage":"en-US","@id":"https:\/\/gruporace.com\/cuchillos-giesser\/#primaryimage","url":"https:\/\/gruporace.com\/wp-content\/uploads\/2025\/07\/cuchillo_giesser.jpg","contentUrl":"https:\/\/gruporace.com\/wp-content\/uploads\/2025\/07\/cuchillo_giesser.jpg"},{"@type":"BreadcrumbList","@id":"https:\/\/gruporace.com\/cuchillos-giesser\/#breadcrumb","itemListElement":[{"@type":"ListItem","position":1,"name":"Inicio","item":"https:\/\/gruporace.com\/"},{"@type":"ListItem","position":2,"name":"Cuchillos Giesser"}]},{"@type":"WebSite","@id":"https:\/\/gruporace.com\/#website","url":"https:\/\/gruporace.com\/","name":"Grupo Race","description":"Maquinaria y Consumibles","publisher":{"@id":"https:\/\/gruporace.com\/#organization"},"potentialAction":[{"@type":"SearchAction","target":{"@type":"EntryPoint","urlTemplate":"https:\/\/gruporace.com\/?s={search_term_string}"},"query-input":{"@type":"PropertyValueSpecification","valueRequired":true,"valueName":"search_term_string"}}],"inLanguage":"en-US"},{"@type":"Organization","@id":"https:\/\/gruporace.com\/#organization","name":"Grupo Race","url":"https:\/\/gruporace.com\/","logo":{"@type":"ImageObject","inLanguage":"en-US","@id":"https:\/\/gruporace.com\/#\/schema\/logo\/image\/","url":"https:\/\/gruporace.com\/wp-content\/uploads\/2025\/03\/logo_grupo_race.png","contentUrl":"https:\/\/gruporace.com\/wp-content\/uploads\/2025\/03\/logo_grupo_race.png","width":1000,"height":565,"caption":"Grupo Race"},"image":{"@id":"https:\/\/gruporace.com\/#\/schema\/logo\/image\/"},"sameAs":["https:\/\/www.facebook.com\/profile.php?id=100066666979453","https:\/\/www.instagram.com\/race_usa","https:\/\/www.youtube.com\/@racemaquinariacarnicos"]}]}},"_links":{"self":[{"href":"https:\/\/gruporace.com\/en\/wp-json\/wp\/v2\/pages\/840","targetHints":{"allow":["GET"]}}],"collection":[{"href":"https:\/\/gruporace.com\/en\/wp-json\/wp\/v2\/pages"}],"about":[{"href":"https:\/\/gruporace.com\/en\/wp-json\/wp\/v2\/types\/page"}],"author":[{"embeddable":true,"href":"https:\/\/gruporace.com\/en\/wp-json\/wp\/v2\/users\/1"}],"replies":[{"embeddable":true,"href":"https:\/\/gruporace.com\/en\/wp-json\/wp\/v2\/comments?post=840"}],"version-history":[{"count":10,"href":"https:\/\/gruporace.com\/en\/wp-json\/wp\/v2\/pages\/840\/revisions"}],"predecessor-version":[{"id":1336,"href":"https:\/\/gruporace.com\/en\/wp-json\/wp\/v2\/pages\/840\/revisions\/1336"}],"wp:attachment":[{"href":"https:\/\/gruporace.com\/en\/wp-json\/wp\/v2\/media?parent=840"}],"curies":[{"name":"wp","href":"https:\/\/api.w.org\/{rel}","templated":true}]}}