{"id":874,"date":"2025-07-18T01:22:33","date_gmt":"2025-07-18T01:22:33","guid":{"rendered":"https:\/\/gruporace.com\/?page_id=874"},"modified":"2025-12-24T17:26:18","modified_gmt":"2025-12-24T17:26:18","slug":"sierra-cinta-automatica","status":"publish","type":"page","link":"https:\/\/gruporace.com\/en\/sierra-cinta-automatica\/","title":{"rendered":"Automatic Band Saw"},"content":{"rendered":"<div data-elementor-type=\"wp-page\" data-elementor-id=\"874\" class=\"elementor elementor-874\">\n\t\t\t\t<div class=\"elementor-element elementor-element-fd90721 e-flex e-con-boxed e-con e-parent\" data-id=\"fd90721\" data-element_type=\"container\" data-e-type=\"container\" data-settings=\"{&quot;background_background&quot;:&quot;classic&quot;}\">\n\t\t\t\t\t<div class=\"e-con-inner\">\n\t\t<div class=\"elementor-element elementor-element-b0a9f51 e-con-full elementor-hidden-mobile e-flex e-con e-child\" data-id=\"b0a9f51\" data-element_type=\"container\" data-e-type=\"container\">\n\t\t\t\t<\/div>\n\t\t<div class=\"elementor-element elementor-element-134b9eb e-con-full e-flex e-con e-child\" data-id=\"134b9eb\" data-element_type=\"container\" data-e-type=\"container\">\n\t\t\t\t<div class=\"elementor-element elementor-element-c8544cd elementor-widget elementor-widget-heading\" data-id=\"c8544cd\" data-element_type=\"widget\" data-e-type=\"widget\" data-widget_type=\"heading.default\">\n\t\t\t\t<div class=\"elementor-widget-container\">\n\t\t\t\t\t<h2 class=\"elementor-heading-title elementor-size-default\">Automatic Band Saw<\/h2>\t\t\t\t<\/div>\n\t\t\t\t<\/div>\n\t\t\t\t<\/div>\n\t\t<div class=\"elementor-element elementor-element-f0484a5 e-con-full e-flex e-con e-child\" data-id=\"f0484a5\" data-element_type=\"container\" data-e-type=\"container\">\n\t\t\t\t<\/div>\n\t\t\t\t\t<\/div>\n\t\t\t\t<\/div>\n\t\t<div class=\"elementor-element elementor-element-c4a7701 e-flex e-con-boxed e-con e-parent\" data-id=\"c4a7701\" data-element_type=\"container\" data-e-type=\"container\" data-settings=\"{&quot;background_background&quot;:&quot;classic&quot;}\">\n\t\t\t\t\t<div class=\"e-con-inner\">\n\t\t<div class=\"elementor-element elementor-element-3d0a978 e-con-full e-flex e-con e-child\" data-id=\"3d0a978\" data-element_type=\"container\" data-e-type=\"container\">\n\t\t\t\t<div class=\"elementor-element elementor-element-8f655ee elementor-widget-mobile__width-initial elementor-widget elementor-widget-image\" data-id=\"8f655ee\" data-element_type=\"widget\" data-e-type=\"widget\" data-widget_type=\"image.default\">\n\t\t\t\t<div class=\"elementor-widget-container\">\n\t\t\t\t\t\t\t\t\t\t\t\t\t\t\t<img fetchpriority=\"high\" decoding=\"async\" width=\"382\" height=\"304\" src=\"https:\/\/gruporace.com\/wp-content\/uploads\/2025\/07\/sierra_mainali.png\" class=\"attachment-full size-full wp-image-878\" alt=\"\" srcset=\"https:\/\/gruporace.com\/wp-content\/uploads\/2025\/07\/sierra_mainali.png 382w, https:\/\/gruporace.com\/wp-content\/uploads\/2025\/07\/sierra_mainali-300x239.png 300w\" sizes=\"(max-width: 382px) 100vw, 382px\" \/>\t\t\t\t\t\t\t\t\t\t\t\t\t\t\t<\/div>\n\t\t\t\t<\/div>\n\t\t\t\t<\/div>\n\t\t<div class=\"elementor-element elementor-element-11e5054 e-con-full e-flex e-con e-child\" data-id=\"11e5054\" data-element_type=\"container\" data-e-type=\"container\">\n\t\t\t\t<div class=\"elementor-element elementor-element-2a5d5f6 elementor-widget elementor-widget-image\" data-id=\"2a5d5f6\" data-element_type=\"widget\" data-e-type=\"widget\" data-widget_type=\"image.default\">\n\t\t\t\t<div class=\"elementor-widget-container\">\n\t\t\t\t\t\t\t\t\t\t\t\t\t\t\t<img decoding=\"async\" width=\"200\" height=\"118\" src=\"https:\/\/gruporace.com\/wp-content\/uploads\/2025\/02\/mainal-logo.png\" class=\"attachment-full size-full wp-image-188\" alt=\"\" \/>\t\t\t\t\t\t\t\t\t\t\t\t\t\t\t<\/div>\n\t\t\t\t<\/div>\n\t\t\t\t<div class=\"elementor-element elementor-element-6f828ca elementor-widget elementor-widget-heading\" data-id=\"6f828ca\" data-element_type=\"widget\" data-e-type=\"widget\" data-widget_type=\"heading.default\">\n\t\t\t\t<div class=\"elementor-widget-container\">\n\t\t\t\t\t<h2 class=\"elementor-heading-title elementor-size-default\">Automatic Band Saw RB-1 \u2013 Mainali<\/h2>\t\t\t\t<\/div>\n\t\t\t\t<\/div>\n\t\t\t\t<div class=\"elementor-element elementor-element-c4c5ed0 elementor-widget elementor-widget-text-editor\" data-id=\"c4c5ed0\" data-element_type=\"widget\" data-e-type=\"widget\" data-widget_type=\"text-editor.default\">\n\t\t\t\t<div class=\"elementor-widget-container\">\n\t\t\t\t\t\t\t\t\tMainali's RB-1 is an automatic double-cut band saw designed for precise cutting of frozen or fresh products such as meat, fish, or vegetables. Ideal for processing plants seeking automation, safety, and operational efficiency.\t\t\t\t\t\t\t\t<\/div>\n\t\t\t\t<\/div>\n\t\t\t\t<div class=\"elementor-element elementor-element-c98ed0c elementor-widget elementor-widget-heading\" data-id=\"c98ed0c\" data-element_type=\"widget\" data-e-type=\"widget\" data-widget_type=\"heading.default\">\n\t\t\t\t<div class=\"elementor-widget-container\">\n\t\t\t\t\t<h2 class=\"elementor-heading-title elementor-size-default\">Main advantages:<\/h2>\t\t\t\t<\/div>\n\t\t\t\t<\/div>\n\t\t\t\t<div class=\"elementor-element elementor-element-c74e4d9 elementor-widget elementor-widget-text-editor\" data-id=\"c74e4d9\" data-element_type=\"widget\" data-e-type=\"widget\" data-widget_type=\"text-editor.default\">\n\t\t\t\t<div class=\"elementor-widget-container\">\n\t\t\t\t\t\t\t\t\t<ul><li>Precise cut according to programmed measurement.<\/li><li>Simple operation: product loading and start button.<\/li><li>Quick Protection System (QPS) for operator safety.<\/li><li>Product output via integrated conveyor belt.<\/li><li>Hygienic design with easy-access cleaning mode.<\/li><\/ul>\t\t\t\t\t\t\t\t<\/div>\n\t\t\t\t<\/div>\n\t\t\t\t<\/div>\n\t\t\t\t\t<\/div>\n\t\t\t\t<\/div>\n\t\t<div class=\"elementor-element elementor-element-f8fd9d0 e-flex e-con-boxed e-con e-parent\" data-id=\"f8fd9d0\" data-element_type=\"container\" data-e-type=\"container\" data-settings=\"{&quot;background_background&quot;:&quot;classic&quot;}\">\n\t\t\t\t\t<div class=\"e-con-inner\">\n\t\t<div class=\"elementor-element elementor-element-6fbf362 e-con-full e-flex e-con e-child\" data-id=\"6fbf362\" data-element_type=\"container\" data-e-type=\"container\">\n\t\t\t\t<div class=\"elementor-element elementor-element-d2682c8 elementor-widget elementor-widget-heading\" data-id=\"d2682c8\" data-element_type=\"widget\" data-e-type=\"widget\" data-widget_type=\"heading.default\">\n\t\t\t\t<div class=\"elementor-widget-container\">\n\t\t\t\t\t<h2 class=\"elementor-heading-title elementor-size-default\">Recommended Applications:<\/h2>\t\t\t\t<\/div>\n\t\t\t\t<\/div>\n\t\t\t\t<div class=\"elementor-element elementor-element-3a73c30 elementor-widget elementor-widget-text-editor\" data-id=\"3a73c30\" data-element_type=\"widget\" data-e-type=\"widget\" data-widget_type=\"text-editor.default\">\n\t\t\t\t<div class=\"elementor-widget-container\">\n\t\t\t\t\t\t\t\t\t<ul><li>Cutting frozen meat into blocks.<\/li><li>Portioning fresh or semi-frozen cuts.<\/li><li>Processing frozen fish.<\/li><li>Dividing hard or compact vegetables.<\/li><\/ul>\t\t\t\t\t\t\t\t<\/div>\n\t\t\t\t<\/div>\n\t\t\t\t<\/div>\n\t\t<div class=\"elementor-element elementor-element-617b091 e-con-full e-flex e-con e-child\" data-id=\"617b091\" data-element_type=\"container\" data-e-type=\"container\">\n\t\t\t\t<div class=\"elementor-element elementor-element-ccde732 elementor-widget elementor-widget-heading\" data-id=\"ccde732\" data-element_type=\"widget\" data-e-type=\"widget\" data-widget_type=\"heading.default\">\n\t\t\t\t<div class=\"elementor-widget-container\">\n\t\t\t\t\t<h2 class=\"elementor-heading-title elementor-size-default\">Hygiene and Maintenance:<\/h2>\t\t\t\t<\/div>\n\t\t\t\t<\/div>\n\t\t\t\t<div class=\"elementor-element elementor-element-75c493b elementor-widget elementor-widget-text-editor\" data-id=\"75c493b\" data-element_type=\"widget\" data-e-type=\"widget\" data-widget_type=\"text-editor.default\">\n\t\t\t\t<div class=\"elementor-widget-container\">\n\t\t\t\t\t\t\t\t\t<ul><li>Accessible design with integrated cleaning mode.<\/li><li>Food-safe surfaces.<\/li><li>Accessible components for quick sanitization.<\/li><\/ul>\t\t\t\t\t\t\t\t<\/div>\n\t\t\t\t<\/div>\n\t\t\t\t<\/div>\n\t\t\t\t\t<\/div>\n\t\t\t\t<\/div>\n\t\t<div class=\"elementor-element elementor-element-4b252dc e-flex e-con-boxed e-con e-parent\" data-id=\"4b252dc\" data-element_type=\"container\" data-e-type=\"container\" data-settings=\"{&quot;background_background&quot;:&quot;classic&quot;}\">\n\t\t\t\t\t<div class=\"e-con-inner\">\n\t\t\t\t<div class=\"elementor-element elementor-element-390a443 elementor-align-center elementor-widget elementor-widget-button\" data-id=\"390a443\" data-element_type=\"widget\" data-e-type=\"widget\" data-widget_type=\"button.default\">\n\t\t\t\t<div class=\"elementor-widget-container\">\n\t\t\t\t\t\t\t\t\t<div class=\"elementor-button-wrapper\">\n\t\t\t\t\t<a class=\"elementor-button elementor-button-link elementor-size-sm\" href=\"https:\/\/wa.link\/3r7cty\" target=\"_blank\">\n\t\t\t\t\t\t<span class=\"elementor-button-content-wrapper\">\n\t\t\t\t\t\t\t\t\t<span class=\"elementor-button-text\">Talk to an advisor<\/span>\n\t\t\t\t\t<\/span>\n\t\t\t\t\t<\/a>\n\t\t\t\t<\/div>\n\t\t\t\t\t\t\t\t<\/div>\n\t\t\t\t<\/div>\n\t\t\t\t\t<\/div>\n\t\t\t\t<\/div>\n\t\t\t\t<\/div>","protected":false},"excerpt":{"rendered":"<p>Sierra Cinta Autom\u00e1tica Sierra Cinta Autom\u00e1tica RB-1 \u2013 Mainali La RB-1 de Mainali es una sierra cinta autom\u00e1tica de doble corte, dise\u00f1ada para cortar con precisi\u00f3n productos congelados o frescos como carne, pescado o vegetales. Ideal para plantas procesadoras que buscan automatizaci\u00f3n, seguridad y eficiencia operativa. Principales ventajas: Corte exacto seg\u00fan medida programada. Operaci\u00f3n simple: [&hellip;]<\/p>\n","protected":false},"author":1,"featured_media":0,"parent":0,"menu_order":0,"comment_status":"closed","ping_status":"closed","template":"elementor_header_footer","meta":{"_acf_changed":false,"footnotes":""},"class_list":["post-874","page","type-page","status-publish","hentry"],"acf":[],"yoast_head":"<!-- This site is optimized with the Yoast SEO plugin v27.5 - https:\/\/yoast.com\/product\/yoast-seo-wordpress\/ -->\n<title>Sierra Cinta Autom\u00e1tica - Grupo Race<\/title>\n<meta name=\"robots\" content=\"index, follow, max-snippet:-1, max-image-preview:large, max-video-preview:-1\" \/>\n<link rel=\"canonical\" href=\"https:\/\/gruporace.com\/en\/sierra-cinta-automatica\/\" \/>\n<meta property=\"og:locale\" content=\"en_US\" \/>\n<meta property=\"og:type\" content=\"article\" \/>\n<meta property=\"og:title\" content=\"Sierra Cinta Autom\u00e1tica - Grupo Race\" \/>\n<meta property=\"og:description\" content=\"Sierra Cinta Autom\u00e1tica Sierra Cinta Autom\u00e1tica RB-1 \u2013 Mainali La RB-1 de Mainali es una sierra cinta autom\u00e1tica de doble corte, dise\u00f1ada para cortar con precisi\u00f3n productos congelados o frescos como carne, pescado o vegetales. Ideal para plantas procesadoras que buscan automatizaci\u00f3n, seguridad y eficiencia operativa. Principales ventajas: Corte exacto seg\u00fan medida programada. Operaci\u00f3n simple: [&hellip;]\" \/>\n<meta property=\"og:url\" content=\"https:\/\/gruporace.com\/en\/sierra-cinta-automatica\/\" \/>\n<meta property=\"og:site_name\" content=\"Grupo Race\" \/>\n<meta property=\"article:publisher\" content=\"https:\/\/www.facebook.com\/profile.php?id=100066666979453\" \/>\n<meta property=\"article:modified_time\" content=\"2025-12-24T17:26:18+00:00\" \/>\n<meta property=\"og:image\" content=\"https:\/\/gruporace.com\/wp-content\/uploads\/2025\/07\/sierra_mainali.png\" \/>\n\t<meta property=\"og:image:width\" content=\"382\" \/>\n\t<meta property=\"og:image:height\" content=\"304\" \/>\n\t<meta property=\"og:image:type\" content=\"image\/png\" \/>\n<meta name=\"twitter:card\" content=\"summary_large_image\" \/>\n<meta name=\"twitter:label1\" content=\"Est. reading time\" \/>\n\t<meta name=\"twitter:data1\" content=\"1 minute\" \/>\n<script type=\"application\/ld+json\" class=\"yoast-schema-graph\">{\"@context\":\"https:\\\/\\\/schema.org\",\"@graph\":[{\"@type\":\"WebPage\",\"@id\":\"https:\\\/\\\/gruporace.com\\\/sierra-cinta-automatica\\\/\",\"url\":\"https:\\\/\\\/gruporace.com\\\/sierra-cinta-automatica\\\/\",\"name\":\"Sierra Cinta Autom\u00e1tica - Grupo Race\",\"isPartOf\":{\"@id\":\"https:\\\/\\\/gruporace.com\\\/#website\"},\"primaryImageOfPage\":{\"@id\":\"https:\\\/\\\/gruporace.com\\\/sierra-cinta-automatica\\\/#primaryimage\"},\"image\":{\"@id\":\"https:\\\/\\\/gruporace.com\\\/sierra-cinta-automatica\\\/#primaryimage\"},\"thumbnailUrl\":\"https:\\\/\\\/gruporace.com\\\/wp-content\\\/uploads\\\/2025\\\/07\\\/sierra_mainali.png\",\"datePublished\":\"2025-07-18T01:22:33+00:00\",\"dateModified\":\"2025-12-24T17:26:18+00:00\",\"breadcrumb\":{\"@id\":\"https:\\\/\\\/gruporace.com\\\/sierra-cinta-automatica\\\/#breadcrumb\"},\"inLanguage\":\"en-US\",\"potentialAction\":[{\"@type\":\"ReadAction\",\"target\":[\"https:\\\/\\\/gruporace.com\\\/sierra-cinta-automatica\\\/\"]}]},{\"@type\":\"ImageObject\",\"inLanguage\":\"en-US\",\"@id\":\"https:\\\/\\\/gruporace.com\\\/sierra-cinta-automatica\\\/#primaryimage\",\"url\":\"https:\\\/\\\/gruporace.com\\\/wp-content\\\/uploads\\\/2025\\\/07\\\/sierra_mainali.png\",\"contentUrl\":\"https:\\\/\\\/gruporace.com\\\/wp-content\\\/uploads\\\/2025\\\/07\\\/sierra_mainali.png\"},{\"@type\":\"BreadcrumbList\",\"@id\":\"https:\\\/\\\/gruporace.com\\\/sierra-cinta-automatica\\\/#breadcrumb\",\"itemListElement\":[{\"@type\":\"ListItem\",\"position\":1,\"name\":\"Inicio\",\"item\":\"https:\\\/\\\/gruporace.com\\\/\"},{\"@type\":\"ListItem\",\"position\":2,\"name\":\"Sierra Cinta Autom\u00e1tica\"}]},{\"@type\":\"WebSite\",\"@id\":\"https:\\\/\\\/gruporace.com\\\/#website\",\"url\":\"https:\\\/\\\/gruporace.com\\\/\",\"name\":\"Grupo Race\",\"description\":\"Maquinaria y Consumibles\",\"publisher\":{\"@id\":\"https:\\\/\\\/gruporace.com\\\/#organization\"},\"potentialAction\":[{\"@type\":\"SearchAction\",\"target\":{\"@type\":\"EntryPoint\",\"urlTemplate\":\"https:\\\/\\\/gruporace.com\\\/?s={search_term_string}\"},\"query-input\":{\"@type\":\"PropertyValueSpecification\",\"valueRequired\":true,\"valueName\":\"search_term_string\"}}],\"inLanguage\":\"en-US\"},{\"@type\":\"Organization\",\"@id\":\"https:\\\/\\\/gruporace.com\\\/#organization\",\"name\":\"Grupo Race\",\"url\":\"https:\\\/\\\/gruporace.com\\\/\",\"logo\":{\"@type\":\"ImageObject\",\"inLanguage\":\"en-US\",\"@id\":\"https:\\\/\\\/gruporace.com\\\/#\\\/schema\\\/logo\\\/image\\\/\",\"url\":\"https:\\\/\\\/gruporace.com\\\/wp-content\\\/uploads\\\/2025\\\/03\\\/logo_grupo_race.png\",\"contentUrl\":\"https:\\\/\\\/gruporace.com\\\/wp-content\\\/uploads\\\/2025\\\/03\\\/logo_grupo_race.png\",\"width\":1000,\"height\":565,\"caption\":\"Grupo Race\"},\"image\":{\"@id\":\"https:\\\/\\\/gruporace.com\\\/#\\\/schema\\\/logo\\\/image\\\/\"},\"sameAs\":[\"https:\\\/\\\/www.facebook.com\\\/profile.php?id=100066666979453\",\"https:\\\/\\\/www.instagram.com\\\/race_usa\",\"https:\\\/\\\/www.youtube.com\\\/@racemaquinariacarnicos\"]}]}<\/script>\n<!-- \/ Yoast SEO plugin. -->","yoast_head_json":{"title":"Sierra Cinta Autom\u00e1tica - Grupo Race","robots":{"index":"index","follow":"follow","max-snippet":"max-snippet:-1","max-image-preview":"max-image-preview:large","max-video-preview":"max-video-preview:-1"},"canonical":"https:\/\/gruporace.com\/en\/sierra-cinta-automatica\/","og_locale":"en_US","og_type":"article","og_title":"Sierra Cinta Autom\u00e1tica - Grupo Race","og_description":"Sierra Cinta Autom\u00e1tica Sierra Cinta Autom\u00e1tica RB-1 \u2013 Mainali La RB-1 de Mainali es una sierra cinta autom\u00e1tica de doble corte, dise\u00f1ada para cortar con precisi\u00f3n productos congelados o frescos como carne, pescado o vegetales. Ideal para plantas procesadoras que buscan automatizaci\u00f3n, seguridad y eficiencia operativa. Principales ventajas: Corte exacto seg\u00fan medida programada. Operaci\u00f3n simple: [&hellip;]","og_url":"https:\/\/gruporace.com\/en\/sierra-cinta-automatica\/","og_site_name":"Grupo Race","article_publisher":"https:\/\/www.facebook.com\/profile.php?id=100066666979453","article_modified_time":"2025-12-24T17:26:18+00:00","og_image":[{"width":382,"height":304,"url":"https:\/\/gruporace.com\/wp-content\/uploads\/2025\/07\/sierra_mainali.png","type":"image\/png"}],"twitter_card":"summary_large_image","twitter_misc":{"Est. reading time":"1 minute"},"schema":{"@context":"https:\/\/schema.org","@graph":[{"@type":"WebPage","@id":"https:\/\/gruporace.com\/sierra-cinta-automatica\/","url":"https:\/\/gruporace.com\/sierra-cinta-automatica\/","name":"Sierra Cinta Autom\u00e1tica - Grupo Race","isPartOf":{"@id":"https:\/\/gruporace.com\/#website"},"primaryImageOfPage":{"@id":"https:\/\/gruporace.com\/sierra-cinta-automatica\/#primaryimage"},"image":{"@id":"https:\/\/gruporace.com\/sierra-cinta-automatica\/#primaryimage"},"thumbnailUrl":"https:\/\/gruporace.com\/wp-content\/uploads\/2025\/07\/sierra_mainali.png","datePublished":"2025-07-18T01:22:33+00:00","dateModified":"2025-12-24T17:26:18+00:00","breadcrumb":{"@id":"https:\/\/gruporace.com\/sierra-cinta-automatica\/#breadcrumb"},"inLanguage":"en-US","potentialAction":[{"@type":"ReadAction","target":["https:\/\/gruporace.com\/sierra-cinta-automatica\/"]}]},{"@type":"ImageObject","inLanguage":"en-US","@id":"https:\/\/gruporace.com\/sierra-cinta-automatica\/#primaryimage","url":"https:\/\/gruporace.com\/wp-content\/uploads\/2025\/07\/sierra_mainali.png","contentUrl":"https:\/\/gruporace.com\/wp-content\/uploads\/2025\/07\/sierra_mainali.png"},{"@type":"BreadcrumbList","@id":"https:\/\/gruporace.com\/sierra-cinta-automatica\/#breadcrumb","itemListElement":[{"@type":"ListItem","position":1,"name":"Inicio","item":"https:\/\/gruporace.com\/"},{"@type":"ListItem","position":2,"name":"Sierra Cinta Autom\u00e1tica"}]},{"@type":"WebSite","@id":"https:\/\/gruporace.com\/#website","url":"https:\/\/gruporace.com\/","name":"Grupo Race","description":"Maquinaria y Consumibles","publisher":{"@id":"https:\/\/gruporace.com\/#organization"},"potentialAction":[{"@type":"SearchAction","target":{"@type":"EntryPoint","urlTemplate":"https:\/\/gruporace.com\/?s={search_term_string}"},"query-input":{"@type":"PropertyValueSpecification","valueRequired":true,"valueName":"search_term_string"}}],"inLanguage":"en-US"},{"@type":"Organization","@id":"https:\/\/gruporace.com\/#organization","name":"Grupo Race","url":"https:\/\/gruporace.com\/","logo":{"@type":"ImageObject","inLanguage":"en-US","@id":"https:\/\/gruporace.com\/#\/schema\/logo\/image\/","url":"https:\/\/gruporace.com\/wp-content\/uploads\/2025\/03\/logo_grupo_race.png","contentUrl":"https:\/\/gruporace.com\/wp-content\/uploads\/2025\/03\/logo_grupo_race.png","width":1000,"height":565,"caption":"Grupo Race"},"image":{"@id":"https:\/\/gruporace.com\/#\/schema\/logo\/image\/"},"sameAs":["https:\/\/www.facebook.com\/profile.php?id=100066666979453","https:\/\/www.instagram.com\/race_usa","https:\/\/www.youtube.com\/@racemaquinariacarnicos"]}]}},"_links":{"self":[{"href":"https:\/\/gruporace.com\/en\/wp-json\/wp\/v2\/pages\/874","targetHints":{"allow":["GET"]}}],"collection":[{"href":"https:\/\/gruporace.com\/en\/wp-json\/wp\/v2\/pages"}],"about":[{"href":"https:\/\/gruporace.com\/en\/wp-json\/wp\/v2\/types\/page"}],"author":[{"embeddable":true,"href":"https:\/\/gruporace.com\/en\/wp-json\/wp\/v2\/users\/1"}],"replies":[{"embeddable":true,"href":"https:\/\/gruporace.com\/en\/wp-json\/wp\/v2\/comments?post=874"}],"version-history":[{"count":13,"href":"https:\/\/gruporace.com\/en\/wp-json\/wp\/v2\/pages\/874\/revisions"}],"predecessor-version":[{"id":1291,"href":"https:\/\/gruporace.com\/en\/wp-json\/wp\/v2\/pages\/874\/revisions\/1291"}],"wp:attachment":[{"href":"https:\/\/gruporace.com\/en\/wp-json\/wp\/v2\/media?parent=874"}],"curies":[{"name":"wp","href":"https:\/\/api.w.org\/{rel}","templated":true}]}}