{"id":965,"date":"2025-07-18T20:06:08","date_gmt":"2025-07-18T20:06:08","guid":{"rendered":"https:\/\/gruporace.com\/?page_id=965"},"modified":"2025-12-24T17:39:17","modified_gmt":"2025-12-24T17:39:17","slug":"envasadora-automatica-al-vacio","status":"publish","type":"page","link":"https:\/\/gruporace.com\/en\/envasadora-automatica-al-vacio\/","title":{"rendered":"Automatic Vacuum Packaging Machine"},"content":{"rendered":"<div data-elementor-type=\"wp-page\" data-elementor-id=\"965\" class=\"elementor elementor-965\">\n\t\t\t\t<div class=\"elementor-element elementor-element-d46c76c e-flex e-con-boxed e-con e-parent\" data-id=\"d46c76c\" data-element_type=\"container\" data-e-type=\"container\" data-settings=\"{&quot;background_background&quot;:&quot;classic&quot;}\">\n\t\t\t\t\t<div class=\"e-con-inner\">\n\t\t<div class=\"elementor-element elementor-element-181769c e-con-full elementor-hidden-mobile e-flex e-con e-child\" data-id=\"181769c\" data-element_type=\"container\" data-e-type=\"container\">\n\t\t\t\t<\/div>\n\t\t<div class=\"elementor-element elementor-element-b3f434f e-con-full e-flex e-con e-child\" data-id=\"b3f434f\" data-element_type=\"container\" data-e-type=\"container\">\n\t\t\t\t<div class=\"elementor-element elementor-element-0e4bdb4 elementor-widget elementor-widget-heading\" data-id=\"0e4bdb4\" data-element_type=\"widget\" data-e-type=\"widget\" data-widget_type=\"heading.default\">\n\t\t\t\t<div class=\"elementor-widget-container\">\n\t\t\t\t\t<h2 class=\"elementor-heading-title elementor-size-default\">Automatic Vacuum Packaging Machine<\/h2>\t\t\t\t<\/div>\n\t\t\t\t<\/div>\n\t\t\t\t<\/div>\n\t\t<div class=\"elementor-element elementor-element-8a4c4e6 e-con-full e-flex e-con e-child\" data-id=\"8a4c4e6\" data-element_type=\"container\" data-e-type=\"container\">\n\t\t\t\t<\/div>\n\t\t\t\t\t<\/div>\n\t\t\t\t<\/div>\n\t\t<div class=\"elementor-element elementor-element-4e0c959 e-flex e-con-boxed e-con e-parent\" data-id=\"4e0c959\" data-element_type=\"container\" data-e-type=\"container\" data-settings=\"{&quot;background_background&quot;:&quot;classic&quot;}\">\n\t\t\t\t\t<div class=\"e-con-inner\">\n\t\t<div class=\"elementor-element elementor-element-9bb807b e-con-full e-flex e-con e-child\" data-id=\"9bb807b\" data-element_type=\"container\" data-e-type=\"container\">\n\t\t\t\t<div class=\"elementor-element elementor-element-d990241 elementor-widget-mobile__width-initial elementor-widget elementor-widget-image\" data-id=\"d990241\" data-element_type=\"widget\" data-e-type=\"widget\" data-widget_type=\"image.default\">\n\t\t\t\t<div class=\"elementor-widget-container\">\n\t\t\t\t\t\t\t\t\t\t\t\t\t\t\t<img fetchpriority=\"high\" decoding=\"async\" width=\"728\" height=\"491\" src=\"https:\/\/gruporace.com\/wp-content\/uploads\/2025\/07\/envasadora_automatica.jpg\" class=\"attachment-full size-full wp-image-967\" alt=\"\" srcset=\"https:\/\/gruporace.com\/wp-content\/uploads\/2025\/07\/envasadora_automatica.jpg 728w, https:\/\/gruporace.com\/wp-content\/uploads\/2025\/07\/envasadora_automatica-300x202.jpg 300w\" sizes=\"(max-width: 728px) 100vw, 728px\" \/>\t\t\t\t\t\t\t\t\t\t\t\t\t\t\t<\/div>\n\t\t\t\t<\/div>\n\t\t\t\t<\/div>\n\t\t<div class=\"elementor-element elementor-element-1f3ab8b e-con-full e-flex e-con e-child\" data-id=\"1f3ab8b\" data-element_type=\"container\" data-e-type=\"container\">\n\t\t\t\t<div class=\"elementor-element elementor-element-d53c722 elementor-widget elementor-widget-image\" data-id=\"d53c722\" data-element_type=\"widget\" data-e-type=\"widget\" data-widget_type=\"image.default\">\n\t\t\t\t<div class=\"elementor-widget-container\">\n\t\t\t\t\t\t\t\t\t\t\t\t\t\t\t<img decoding=\"async\" width=\"502\" height=\"100\" src=\"https:\/\/gruporace.com\/wp-content\/uploads\/2025\/02\/logo_saccardo.png\" class=\"attachment-full size-full wp-image-515\" alt=\"\" srcset=\"https:\/\/gruporace.com\/wp-content\/uploads\/2025\/02\/logo_saccardo.png 502w, https:\/\/gruporace.com\/wp-content\/uploads\/2025\/02\/logo_saccardo-300x60.png 300w, https:\/\/gruporace.com\/wp-content\/uploads\/2025\/02\/logo_saccardo-500x100.png 500w\" sizes=\"(max-width: 502px) 100vw, 502px\" \/>\t\t\t\t\t\t\t\t\t\t\t\t\t\t\t<\/div>\n\t\t\t\t<\/div>\n\t\t\t\t<div class=\"elementor-element elementor-element-ac603cc elementor-widget elementor-widget-heading\" data-id=\"ac603cc\" data-element_type=\"widget\" data-e-type=\"widget\" data-widget_type=\"heading.default\">\n\t\t\t\t<div class=\"elementor-widget-container\">\n\t\t\t\t\t<h2 class=\"elementor-heading-title elementor-size-default\">SACCARDO AS38\/1500 Automatic Vacuum Packaging Machine<\/h2>\t\t\t\t<\/div>\n\t\t\t\t<\/div>\n\t\t\t\t<div class=\"elementor-element elementor-element-02c630f elementor-widget elementor-widget-text-editor\" data-id=\"02c630f\" data-element_type=\"widget\" data-e-type=\"widget\" data-widget_type=\"text-editor.default\">\n\t\t\t\t<div class=\"elementor-widget-container\">\n\t\t\t\t\t\t\t\t\t<p>Maximum efficiency, hygiene, and automation for your packaging processes. The Saccardo AS38 is a fully automatic vacuum packaging machine, designed for food and non-food products, with continuous operation, intelligent control, and industrial performance. Ideal for plants requiring high packaging volumes with precise control, easy cleaning, and reduced maintenance.<\/p>\t\t\t\t\t\t\t\t<\/div>\n\t\t\t\t<\/div>\n\t\t\t\t<div class=\"elementor-element elementor-element-e640969 elementor-widget elementor-widget-heading\" data-id=\"e640969\" data-element_type=\"widget\" data-e-type=\"widget\" data-widget_type=\"heading.default\">\n\t\t\t\t<div class=\"elementor-widget-container\">\n\t\t\t\t\t<h2 class=\"elementor-heading-title elementor-size-default\">Key advantages:<\/h2>\t\t\t\t<\/div>\n\t\t\t\t<\/div>\n\t\t\t\t<div class=\"elementor-element elementor-element-b3d3cea elementor-widget elementor-widget-text-editor\" data-id=\"b3d3cea\" data-element_type=\"widget\" data-e-type=\"widget\" data-widget_type=\"text-editor.default\">\n\t\t\t\t<div class=\"elementor-widget-container\">\n\t\t\t\t\t\t\t\t\t<ul><li>Fully automatic with a motorized conveyor belt.<\/li><li>Easy cleaning: removable belt, removable tray, and automatic cleaning button.<\/li><li>PLC control + color touchscreen with intuitive menus and help pages.<\/li><li>Suction by time or vacuum level (mmbar) adjustable by the operator.<\/li><li>Safety system: sensors block operation if doors are opened.<\/li><li>High vacuum capacity thanks to an internal booster pump and an external Busch pump.<\/li><\/ul>\t\t\t\t\t\t\t\t<\/div>\n\t\t\t\t<\/div>\n\t\t\t\t<\/div>\n\t\t\t\t\t<\/div>\n\t\t\t\t<\/div>\n\t\t<div class=\"elementor-element elementor-element-c5f7624 e-flex e-con-boxed e-con e-parent\" data-id=\"c5f7624\" data-element_type=\"container\" data-e-type=\"container\" data-settings=\"{&quot;background_background&quot;:&quot;classic&quot;}\">\n\t\t\t\t\t<div class=\"e-con-inner\">\n\t\t<div class=\"elementor-element elementor-element-f4160fa e-con-full e-flex e-con e-child\" data-id=\"f4160fa\" data-element_type=\"container\" data-e-type=\"container\">\n\t\t\t\t<div class=\"elementor-element elementor-element-c67acfe elementor-widget elementor-widget-heading\" data-id=\"c67acfe\" data-element_type=\"widget\" data-e-type=\"widget\" data-widget_type=\"heading.default\">\n\t\t\t\t<div class=\"elementor-widget-container\">\n\t\t\t\t\t<h2 class=\"elementor-heading-title elementor-size-default\">Special features include:<\/h2>\t\t\t\t<\/div>\n\t\t\t\t<\/div>\n\t\t\t\t<div class=\"elementor-element elementor-element-29db323 elementor-widget elementor-widget-text-editor\" data-id=\"29db323\" data-element_type=\"widget\" data-e-type=\"widget\" data-widget_type=\"text-editor.default\">\n\t\t\t\t<div class=\"elementor-widget-container\">\n\t\t\t\t\t\t\t\t\t<ul><li>Total waste cut-off system.<\/li><li>Waste vacuum with motor, chute, and external container.<\/li><li>Continuous belt cleaning function.<\/li><li>Automatic loosening system for deep cleaning.<\/li><li>Product presence photocell (prevents empty cycles).<\/li><\/ul>\t\t\t\t\t\t\t\t<\/div>\n\t\t\t\t<\/div>\n\t\t\t\t<\/div>\n\t\t<div class=\"elementor-element elementor-element-49e03d4 e-con-full e-flex e-con e-child\" data-id=\"49e03d4\" data-element_type=\"container\" data-e-type=\"container\">\n\t\t\t\t<div class=\"elementor-element elementor-element-9266b9e elementor-widget elementor-widget-heading\" data-id=\"9266b9e\" data-element_type=\"widget\" data-e-type=\"widget\" data-widget_type=\"heading.default\">\n\t\t\t\t<div class=\"elementor-widget-container\">\n\t\t\t\t\t<h2 class=\"elementor-heading-title elementor-size-default\">Vacuum components included:<\/h2>\t\t\t\t<\/div>\n\t\t\t\t<\/div>\n\t\t\t\t<div class=\"elementor-element elementor-element-f7e69c5 elementor-widget elementor-widget-text-editor\" data-id=\"f7e69c5\" data-element_type=\"widget\" data-e-type=\"widget\" data-widget_type=\"text-editor.default\">\n\t\t\t\t<div class=\"elementor-widget-container\">\n\t\t\t\t\t\t\t\t\t<ul><li>1800 m\u00b3\/h booster pump (integrated).<\/li><li>1000 m\u00b3\/h Busch external vacuum pump.<\/li><\/ul><p><strong>Ideal for:<\/strong><\/p><ul><li>Meat, poultry, sausage, cheese, and other processing plants.<\/li><li>Users requiring reliable automation and consistent packaging quality.<\/li><\/ul>\t\t\t\t\t\t\t\t<\/div>\n\t\t\t\t<\/div>\n\t\t\t\t<\/div>\n\t\t\t\t\t<\/div>\n\t\t\t\t<\/div>\n\t\t<div class=\"elementor-element elementor-element-13a9346 e-flex e-con-boxed e-con e-parent\" data-id=\"13a9346\" data-element_type=\"container\" data-e-type=\"container\" data-settings=\"{&quot;background_background&quot;:&quot;classic&quot;}\">\n\t\t\t\t\t<div class=\"e-con-inner\">\n\t\t\t\t<div class=\"elementor-element elementor-element-f366b01 elementor-align-center elementor-widget elementor-widget-button\" data-id=\"f366b01\" data-element_type=\"widget\" data-e-type=\"widget\" data-widget_type=\"button.default\">\n\t\t\t\t<div class=\"elementor-widget-container\">\n\t\t\t\t\t\t\t\t\t<div class=\"elementor-button-wrapper\">\n\t\t\t\t\t<a class=\"elementor-button elementor-button-link elementor-size-sm\" href=\"https:\/\/wa.link\/3r7cty\" target=\"_blank\">\n\t\t\t\t\t\t<span class=\"elementor-button-content-wrapper\">\n\t\t\t\t\t\t\t\t\t<span class=\"elementor-button-text\">Talk to an advisor<\/span>\n\t\t\t\t\t<\/span>\n\t\t\t\t\t<\/a>\n\t\t\t\t<\/div>\n\t\t\t\t\t\t\t\t<\/div>\n\t\t\t\t<\/div>\n\t\t\t\t\t<\/div>\n\t\t\t\t<\/div>\n\t\t\t\t<\/div>","protected":false},"excerpt":{"rendered":"<p>Envasadora Autom\u00e1tica al Vac\u00edo Envasadora Autom\u00e1tica al Vac\u00edo SACCARDO AS38\/1500 M\u00e1xima eficiencia, higiene y automatizaci\u00f3n para tus procesos de empaque. La AS38 de Saccardo es una envasadora al vac\u00edo totalmente autom\u00e1tica, dise\u00f1ada para productos alimentarios y no alimentarios, con operaci\u00f3n continua, control inteligente y rendimiento industrial. Ideal para plantas que requieren alto volumen de envasado [&hellip;]<\/p>\n","protected":false},"author":1,"featured_media":0,"parent":0,"menu_order":0,"comment_status":"closed","ping_status":"closed","template":"elementor_header_footer","meta":{"_acf_changed":false,"footnotes":""},"class_list":["post-965","page","type-page","status-publish","hentry"],"acf":[],"yoast_head":"<!-- This site is optimized with the Yoast SEO plugin v27.5 - https:\/\/yoast.com\/product\/yoast-seo-wordpress\/ -->\n<title>Envasadora Autom\u00e1tica al Vac\u00edo - Grupo Race<\/title>\n<meta name=\"robots\" content=\"index, follow, max-snippet:-1, max-image-preview:large, max-video-preview:-1\" \/>\n<link rel=\"canonical\" href=\"https:\/\/gruporace.com\/en\/envasadora-automatica-al-vacio\/\" \/>\n<meta property=\"og:locale\" content=\"en_US\" \/>\n<meta property=\"og:type\" content=\"article\" \/>\n<meta property=\"og:title\" content=\"Envasadora Autom\u00e1tica al Vac\u00edo - Grupo Race\" \/>\n<meta property=\"og:description\" content=\"Envasadora Autom\u00e1tica al Vac\u00edo Envasadora Autom\u00e1tica al Vac\u00edo SACCARDO AS38\/1500 M\u00e1xima eficiencia, higiene y automatizaci\u00f3n para tus procesos de empaque. La AS38 de Saccardo es una envasadora al vac\u00edo totalmente autom\u00e1tica, dise\u00f1ada para productos alimentarios y no alimentarios, con operaci\u00f3n continua, control inteligente y rendimiento industrial. Ideal para plantas que requieren alto volumen de envasado [&hellip;]\" \/>\n<meta property=\"og:url\" content=\"https:\/\/gruporace.com\/en\/envasadora-automatica-al-vacio\/\" \/>\n<meta property=\"og:site_name\" content=\"Grupo Race\" \/>\n<meta property=\"article:publisher\" content=\"https:\/\/www.facebook.com\/profile.php?id=100066666979453\" \/>\n<meta property=\"article:modified_time\" content=\"2025-12-24T17:39:17+00:00\" \/>\n<meta property=\"og:image\" content=\"https:\/\/gruporace.com\/wp-content\/uploads\/2025\/07\/envasadora_automatica.jpg\" \/>\n\t<meta property=\"og:image:width\" content=\"728\" \/>\n\t<meta property=\"og:image:height\" content=\"491\" \/>\n\t<meta property=\"og:image:type\" content=\"image\/jpeg\" \/>\n<meta name=\"twitter:card\" content=\"summary_large_image\" \/>\n<meta name=\"twitter:label1\" content=\"Est. reading time\" \/>\n\t<meta name=\"twitter:data1\" content=\"2 minutes\" \/>\n<script type=\"application\/ld+json\" class=\"yoast-schema-graph\">{\"@context\":\"https:\\\/\\\/schema.org\",\"@graph\":[{\"@type\":\"WebPage\",\"@id\":\"https:\\\/\\\/gruporace.com\\\/envasadora-automatica-al-vacio\\\/\",\"url\":\"https:\\\/\\\/gruporace.com\\\/envasadora-automatica-al-vacio\\\/\",\"name\":\"Envasadora Autom\u00e1tica al Vac\u00edo - Grupo Race\",\"isPartOf\":{\"@id\":\"https:\\\/\\\/gruporace.com\\\/#website\"},\"primaryImageOfPage\":{\"@id\":\"https:\\\/\\\/gruporace.com\\\/envasadora-automatica-al-vacio\\\/#primaryimage\"},\"image\":{\"@id\":\"https:\\\/\\\/gruporace.com\\\/envasadora-automatica-al-vacio\\\/#primaryimage\"},\"thumbnailUrl\":\"https:\\\/\\\/gruporace.com\\\/wp-content\\\/uploads\\\/2025\\\/07\\\/envasadora_automatica.jpg\",\"datePublished\":\"2025-07-18T20:06:08+00:00\",\"dateModified\":\"2025-12-24T17:39:17+00:00\",\"breadcrumb\":{\"@id\":\"https:\\\/\\\/gruporace.com\\\/envasadora-automatica-al-vacio\\\/#breadcrumb\"},\"inLanguage\":\"en-US\",\"potentialAction\":[{\"@type\":\"ReadAction\",\"target\":[\"https:\\\/\\\/gruporace.com\\\/envasadora-automatica-al-vacio\\\/\"]}]},{\"@type\":\"ImageObject\",\"inLanguage\":\"en-US\",\"@id\":\"https:\\\/\\\/gruporace.com\\\/envasadora-automatica-al-vacio\\\/#primaryimage\",\"url\":\"https:\\\/\\\/gruporace.com\\\/wp-content\\\/uploads\\\/2025\\\/07\\\/envasadora_automatica.jpg\",\"contentUrl\":\"https:\\\/\\\/gruporace.com\\\/wp-content\\\/uploads\\\/2025\\\/07\\\/envasadora_automatica.jpg\"},{\"@type\":\"BreadcrumbList\",\"@id\":\"https:\\\/\\\/gruporace.com\\\/envasadora-automatica-al-vacio\\\/#breadcrumb\",\"itemListElement\":[{\"@type\":\"ListItem\",\"position\":1,\"name\":\"Inicio\",\"item\":\"https:\\\/\\\/gruporace.com\\\/\"},{\"@type\":\"ListItem\",\"position\":2,\"name\":\"Envasadora Autom\u00e1tica al Vac\u00edo\"}]},{\"@type\":\"WebSite\",\"@id\":\"https:\\\/\\\/gruporace.com\\\/#website\",\"url\":\"https:\\\/\\\/gruporace.com\\\/\",\"name\":\"Grupo Race\",\"description\":\"Maquinaria y Consumibles\",\"publisher\":{\"@id\":\"https:\\\/\\\/gruporace.com\\\/#organization\"},\"potentialAction\":[{\"@type\":\"SearchAction\",\"target\":{\"@type\":\"EntryPoint\",\"urlTemplate\":\"https:\\\/\\\/gruporace.com\\\/?s={search_term_string}\"},\"query-input\":{\"@type\":\"PropertyValueSpecification\",\"valueRequired\":true,\"valueName\":\"search_term_string\"}}],\"inLanguage\":\"en-US\"},{\"@type\":\"Organization\",\"@id\":\"https:\\\/\\\/gruporace.com\\\/#organization\",\"name\":\"Grupo Race\",\"url\":\"https:\\\/\\\/gruporace.com\\\/\",\"logo\":{\"@type\":\"ImageObject\",\"inLanguage\":\"en-US\",\"@id\":\"https:\\\/\\\/gruporace.com\\\/#\\\/schema\\\/logo\\\/image\\\/\",\"url\":\"https:\\\/\\\/gruporace.com\\\/wp-content\\\/uploads\\\/2025\\\/03\\\/logo_grupo_race.png\",\"contentUrl\":\"https:\\\/\\\/gruporace.com\\\/wp-content\\\/uploads\\\/2025\\\/03\\\/logo_grupo_race.png\",\"width\":1000,\"height\":565,\"caption\":\"Grupo Race\"},\"image\":{\"@id\":\"https:\\\/\\\/gruporace.com\\\/#\\\/schema\\\/logo\\\/image\\\/\"},\"sameAs\":[\"https:\\\/\\\/www.facebook.com\\\/profile.php?id=100066666979453\",\"https:\\\/\\\/www.instagram.com\\\/race_usa\",\"https:\\\/\\\/www.youtube.com\\\/@racemaquinariacarnicos\"]}]}<\/script>\n<!-- \/ Yoast SEO plugin. -->","yoast_head_json":{"title":"Envasadora Autom\u00e1tica al Vac\u00edo - Grupo Race","robots":{"index":"index","follow":"follow","max-snippet":"max-snippet:-1","max-image-preview":"max-image-preview:large","max-video-preview":"max-video-preview:-1"},"canonical":"https:\/\/gruporace.com\/en\/envasadora-automatica-al-vacio\/","og_locale":"en_US","og_type":"article","og_title":"Envasadora Autom\u00e1tica al Vac\u00edo - Grupo Race","og_description":"Envasadora Autom\u00e1tica al Vac\u00edo Envasadora Autom\u00e1tica al Vac\u00edo SACCARDO AS38\/1500 M\u00e1xima eficiencia, higiene y automatizaci\u00f3n para tus procesos de empaque. La AS38 de Saccardo es una envasadora al vac\u00edo totalmente autom\u00e1tica, dise\u00f1ada para productos alimentarios y no alimentarios, con operaci\u00f3n continua, control inteligente y rendimiento industrial. Ideal para plantas que requieren alto volumen de envasado [&hellip;]","og_url":"https:\/\/gruporace.com\/en\/envasadora-automatica-al-vacio\/","og_site_name":"Grupo Race","article_publisher":"https:\/\/www.facebook.com\/profile.php?id=100066666979453","article_modified_time":"2025-12-24T17:39:17+00:00","og_image":[{"width":728,"height":491,"url":"https:\/\/gruporace.com\/wp-content\/uploads\/2025\/07\/envasadora_automatica.jpg","type":"image\/jpeg"}],"twitter_card":"summary_large_image","twitter_misc":{"Est. reading time":"2 minutes"},"schema":{"@context":"https:\/\/schema.org","@graph":[{"@type":"WebPage","@id":"https:\/\/gruporace.com\/envasadora-automatica-al-vacio\/","url":"https:\/\/gruporace.com\/envasadora-automatica-al-vacio\/","name":"Envasadora Autom\u00e1tica al Vac\u00edo - Grupo Race","isPartOf":{"@id":"https:\/\/gruporace.com\/#website"},"primaryImageOfPage":{"@id":"https:\/\/gruporace.com\/envasadora-automatica-al-vacio\/#primaryimage"},"image":{"@id":"https:\/\/gruporace.com\/envasadora-automatica-al-vacio\/#primaryimage"},"thumbnailUrl":"https:\/\/gruporace.com\/wp-content\/uploads\/2025\/07\/envasadora_automatica.jpg","datePublished":"2025-07-18T20:06:08+00:00","dateModified":"2025-12-24T17:39:17+00:00","breadcrumb":{"@id":"https:\/\/gruporace.com\/envasadora-automatica-al-vacio\/#breadcrumb"},"inLanguage":"en-US","potentialAction":[{"@type":"ReadAction","target":["https:\/\/gruporace.com\/envasadora-automatica-al-vacio\/"]}]},{"@type":"ImageObject","inLanguage":"en-US","@id":"https:\/\/gruporace.com\/envasadora-automatica-al-vacio\/#primaryimage","url":"https:\/\/gruporace.com\/wp-content\/uploads\/2025\/07\/envasadora_automatica.jpg","contentUrl":"https:\/\/gruporace.com\/wp-content\/uploads\/2025\/07\/envasadora_automatica.jpg"},{"@type":"BreadcrumbList","@id":"https:\/\/gruporace.com\/envasadora-automatica-al-vacio\/#breadcrumb","itemListElement":[{"@type":"ListItem","position":1,"name":"Inicio","item":"https:\/\/gruporace.com\/"},{"@type":"ListItem","position":2,"name":"Envasadora Autom\u00e1tica al Vac\u00edo"}]},{"@type":"WebSite","@id":"https:\/\/gruporace.com\/#website","url":"https:\/\/gruporace.com\/","name":"Grupo Race","description":"Maquinaria y Consumibles","publisher":{"@id":"https:\/\/gruporace.com\/#organization"},"potentialAction":[{"@type":"SearchAction","target":{"@type":"EntryPoint","urlTemplate":"https:\/\/gruporace.com\/?s={search_term_string}"},"query-input":{"@type":"PropertyValueSpecification","valueRequired":true,"valueName":"search_term_string"}}],"inLanguage":"en-US"},{"@type":"Organization","@id":"https:\/\/gruporace.com\/#organization","name":"Grupo Race","url":"https:\/\/gruporace.com\/","logo":{"@type":"ImageObject","inLanguage":"en-US","@id":"https:\/\/gruporace.com\/#\/schema\/logo\/image\/","url":"https:\/\/gruporace.com\/wp-content\/uploads\/2025\/03\/logo_grupo_race.png","contentUrl":"https:\/\/gruporace.com\/wp-content\/uploads\/2025\/03\/logo_grupo_race.png","width":1000,"height":565,"caption":"Grupo Race"},"image":{"@id":"https:\/\/gruporace.com\/#\/schema\/logo\/image\/"},"sameAs":["https:\/\/www.facebook.com\/profile.php?id=100066666979453","https:\/\/www.instagram.com\/race_usa","https:\/\/www.youtube.com\/@racemaquinariacarnicos"]}]}},"_links":{"self":[{"href":"https:\/\/gruporace.com\/en\/wp-json\/wp\/v2\/pages\/965","targetHints":{"allow":["GET"]}}],"collection":[{"href":"https:\/\/gruporace.com\/en\/wp-json\/wp\/v2\/pages"}],"about":[{"href":"https:\/\/gruporace.com\/en\/wp-json\/wp\/v2\/types\/page"}],"author":[{"embeddable":true,"href":"https:\/\/gruporace.com\/en\/wp-json\/wp\/v2\/users\/1"}],"replies":[{"embeddable":true,"href":"https:\/\/gruporace.com\/en\/wp-json\/wp\/v2\/comments?post=965"}],"version-history":[{"count":13,"href":"https:\/\/gruporace.com\/en\/wp-json\/wp\/v2\/pages\/965\/revisions"}],"predecessor-version":[{"id":1324,"href":"https:\/\/gruporace.com\/en\/wp-json\/wp\/v2\/pages\/965\/revisions\/1324"}],"wp:attachment":[{"href":"https:\/\/gruporace.com\/en\/wp-json\/wp\/v2\/media?parent=965"}],"curies":[{"name":"wp","href":"https:\/\/api.w.org\/{rel}","templated":true}]}}